{"id":8039,"date":"2024-08-14T17:04:11","date_gmt":"2024-08-14T15:04:11","guid":{"rendered":"https:\/\/www.naturclic.com\/?post_type=product&#038;p=8039"},"modified":"2024-08-14T17:04:11","modified_gmt":"2024-08-14T15:04:11","slug":"glutation-200-c-30cap-suravitasan","status":"publish","type":"product","link":"https:\/\/www.naturclic.com\/?product=glutation-200-c-30cap-suravitasan","title":{"rendered":"Glutation 200 &#038; C 30cap SuraVitasan"},"content":{"rendered":"<p><strong>Glutation 200 &amp; C<\/strong>\u00a0es un complemento alimenticio a base de\u00a0<strong>glutation reducido<\/strong>\u00a0y\u00a0<strong>vitamina C<\/strong>\u00a0que se ha incluido por su acci\u00f3n sin\u00e9rgica al favorecer la s\u00edntesis y regeneraci\u00f3n del glutation. El glutation es un trip\u00e9ptido compuesto por los amino\u00e1cidos L-ciste\u00edna, \u00e1cido L-glut\u00e1mico y glicina generado de forma end\u00f3geno pero diversas situaciones pueden provocar una carencia de este tripeptido. Cada c\u00e1psula contiene\u00a0<strong>200 mg de Glutati\u00f3n<\/strong>\u00a0y\u00a0<strong>50 mg de Vitamina C<\/strong>.<\/p>\n<hr \/>\n<p><strong>Vegano, Ovolactovegetariano, Sin gluten, Sin l\u00e1cteos<\/strong><\/p>\n","protected":false},"excerpt":{"rendered":"<p><strong>Glutation 200 &amp; C<\/strong>\u00a0es un complemento alimenticio a base de\u00a0<strong>glutation reducido<\/strong>\u00a0y\u00a0<strong>vitamina C<\/strong>\u00a0que se ha incluido por su acci\u00f3n sin\u00e9rgica al favorecer la s\u00edntesis y regeneraci\u00f3n del glutation. El glutation es un trip\u00e9ptido compuesto por los amino\u00e1cidos L-ciste\u00edna, \u00e1cido L-glut\u00e1mico y glicina generado de forma end\u00f3geno pero diversas situaciones pueden provocar una carencia de este tripeptido. Cada c\u00e1psula contiene\u00a0<strong>200 mg de Glutati\u00f3n<\/strong>\u00a0y\u00a0<strong>50 mg de Vitamina C<\/strong>.<\/p>\n<hr \/>\n<p><strong>Vegano, Ovolactovegetariano, Sin gluten, Sin l\u00e1cteos<\/strong><\/p>\n","protected":false},"featured_media":8040,"comment_status":"open","ping_status":"closed","template":"","meta":{"_joinchat":[]},"product_brand":[],"product_cat":[126],"product_tag":[],"class_list":{"0":"post-8039","1":"product","2":"type-product","3":"status-publish","4":"has-post-thumbnail","6":"product_cat-suplementos-naturales","8":"first","9":"instock","10":"taxable","11":"shipping-taxable","12":"purchasable","13":"product-type-simple"},"_links":{"self":[{"href":"https:\/\/www.naturclic.com\/index.php?rest_route=\/wp\/v2\/product\/8039","targetHints":{"allow":["GET"]}}],"collection":[{"href":"https:\/\/www.naturclic.com\/index.php?rest_route=\/wp\/v2\/product"}],"about":[{"href":"https:\/\/www.naturclic.com\/index.php?rest_route=\/wp\/v2\/types\/product"}],"replies":[{"embeddable":true,"href":"https:\/\/www.naturclic.com\/index.php?rest_route=%2Fwp%2Fv2%2Fcomments&post=8039"}],"wp:featuredmedia":[{"embeddable":true,"href":"https:\/\/www.naturclic.com\/index.php?rest_route=\/wp\/v2\/media\/8040"}],"wp:attachment":[{"href":"https:\/\/www.naturclic.com\/index.php?rest_route=%2Fwp%2Fv2%2Fmedia&parent=8039"}],"wp:term":[{"taxonomy":"product_brand","embeddable":true,"href":"https:\/\/www.naturclic.com\/index.php?rest_route=%2Fwp%2Fv2%2Fproduct_brand&post=8039"},{"taxonomy":"product_cat","embeddable":true,"href":"https:\/\/www.naturclic.com\/index.php?rest_route=%2Fwp%2Fv2%2Fproduct_cat&post=8039"},{"taxonomy":"product_tag","embeddable":true,"href":"https:\/\/www.naturclic.com\/index.php?rest_route=%2Fwp%2Fv2%2Fproduct_tag&post=8039"}],"curies":[{"name":"wp","href":"https:\/\/api.w.org\/{rel}","templated":true}]}}