{"id":8044,"date":"2024-08-17T13:20:56","date_gmt":"2024-08-17T11:20:56","guid":{"rendered":"https:\/\/www.naturclic.com\/?post_type=product&#038;p=8044"},"modified":"2024-08-17T13:20:56","modified_gmt":"2024-08-17T11:20:56","slug":"hierro-bisglicinato-30cap-suravitasan","status":"publish","type":"product","link":"https:\/\/www.naturclic.com\/?product=hierro-bisglicinato-30cap-suravitasan","title":{"rendered":"Hierro Bisglicinato 30cap SuraVitasan"},"content":{"rendered":"<p><strong>Hierro Bisglicinato<\/strong>\u00a0es un complemento alimenticio a base de hierro, vitamina C, vitaminas del grupo B y cobre que contribuyen al metabolismo normal del hierro. Aporta\u00a0<strong>35 mg de hierro<\/strong>\u00a0elemental por c\u00e1psula procedente de bisglicinato ferroso, una forma de hierro bien tolerada y de\u00a0<strong>alta biodisponibilidad<\/strong>.<\/p>\n<p><em>Declaraciones saludables\u00a0<\/em><em>(Reglamento UE N\u00ba 432\/2012):\u00a0<\/em>El hierro, la vitamina B6 y B12 contribuyen a la formaci\u00f3n normal de\u00a0<strong>gl\u00f3bulos rojos<\/strong>\u00a0y junto a los folatos participan en el funcionamiento\u00a0normal del sistema inmunitario y ayudan a disminuir el\u00a0<strong>cansancio\u00a0<\/strong>y la\u00a0<strong>fatiga<\/strong>. Los folatos contribuyen a la formaci\u00f3n normal de\u00a0<strong>c\u00e9lulas\u00a0sangu\u00edneas<\/strong>\u00a0y al crecimiento de los\u00a0<strong>tejidos maternos<\/strong>\u00a0durante el\u00a0embarazo. La vitamina C mejora la absorci\u00f3n del hierro y junto con la\u00a0B2 contribuyen a la protecci\u00f3n de las c\u00e9lulas frente al da\u00f1o oxidativo.<\/p>\n<p>&nbsp;<\/p>\n<hr \/>\n<p>&nbsp;<\/p>\n<p><strong>Vegano, Ovolactovegetariano, Sin gluten, Sin l\u00e1cteos<\/strong><\/p>\n","protected":false},"excerpt":{"rendered":"<p><strong>Hierro Bisglicinato<\/strong>\u00a0es un complemento alimenticio a base de hierro, vitamina C, vitaminas del grupo B y cobre que contribuyen al metabolismo normal del hierro. Aporta\u00a0<strong>35 mg de hierro<\/strong>\u00a0elemental por c\u00e1psula procedente de bisglicinato ferroso, una forma de hierro bien tolerada y de\u00a0<strong>alta biodisponibilidad<\/strong>.<\/p>\n<p><em>Declaraciones saludables\u00a0<\/em><em>(Reglamento UE N\u00ba 432\/2012):\u00a0<\/em>El hierro, la vitamina B6 y B12 contribuyen a la formaci\u00f3n normal de\u00a0<strong>gl\u00f3bulos rojos<\/strong>\u00a0y junto a los folatos participan en el funcionamiento\u00a0normal del sistema inmunitario y ayudan a disminuir el\u00a0<strong>cansancio\u00a0<\/strong>y la\u00a0<strong>fatiga<\/strong>. Los folatos contribuyen a la formaci\u00f3n normal de\u00a0<strong>c\u00e9lulas\u00a0sangu\u00edneas<\/strong>\u00a0y al crecimiento de los\u00a0<strong>tejidos maternos<\/strong>\u00a0durante el\u00a0embarazo. La vitamina C mejora la absorci\u00f3n del hierro y junto con la\u00a0B2 contribuyen a la protecci\u00f3n de las c\u00e9lulas frente al da\u00f1o oxidativo.<\/p>\n<p>&nbsp;<\/p>\n<hr \/>\n<p>&nbsp;<\/p>\n<p><strong>Vegano, Ovolactovegetariano, Sin gluten, Sin l\u00e1cteos<\/strong><\/p>\n","protected":false},"featured_media":8045,"comment_status":"open","ping_status":"closed","template":"","meta":{"_joinchat":[]},"product_brand":[],"product_cat":[126],"product_tag":[],"class_list":{"0":"post-8044","1":"product","2":"type-product","3":"status-publish","4":"has-post-thumbnail","6":"product_cat-suplementos-naturales","8":"first","9":"instock","10":"taxable","11":"shipping-taxable","12":"purchasable","13":"product-type-simple"},"_links":{"self":[{"href":"https:\/\/www.naturclic.com\/index.php?rest_route=\/wp\/v2\/product\/8044","targetHints":{"allow":["GET"]}}],"collection":[{"href":"https:\/\/www.naturclic.com\/index.php?rest_route=\/wp\/v2\/product"}],"about":[{"href":"https:\/\/www.naturclic.com\/index.php?rest_route=\/wp\/v2\/types\/product"}],"replies":[{"embeddable":true,"href":"https:\/\/www.naturclic.com\/index.php?rest_route=%2Fwp%2Fv2%2Fcomments&post=8044"}],"wp:featuredmedia":[{"embeddable":true,"href":"https:\/\/www.naturclic.com\/index.php?rest_route=\/wp\/v2\/media\/8045"}],"wp:attachment":[{"href":"https:\/\/www.naturclic.com\/index.php?rest_route=%2Fwp%2Fv2%2Fmedia&parent=8044"}],"wp:term":[{"taxonomy":"product_brand","embeddable":true,"href":"https:\/\/www.naturclic.com\/index.php?rest_route=%2Fwp%2Fv2%2Fproduct_brand&post=8044"},{"taxonomy":"product_cat","embeddable":true,"href":"https:\/\/www.naturclic.com\/index.php?rest_route=%2Fwp%2Fv2%2Fproduct_cat&post=8044"},{"taxonomy":"product_tag","embeddable":true,"href":"https:\/\/www.naturclic.com\/index.php?rest_route=%2Fwp%2Fv2%2Fproduct_tag&post=8044"}],"curies":[{"name":"wp","href":"https:\/\/api.w.org\/{rel}","templated":true}]}}