{"id":8046,"date":"2024-08-17T13:23:38","date_gmt":"2024-08-17T11:23:38","guid":{"rendered":"https:\/\/www.naturclic.com\/?post_type=product&#038;p=8046"},"modified":"2024-08-17T13:23:38","modified_gmt":"2024-08-17T11:23:38","slug":"hierro-15-90cap-suravitasan","status":"publish","type":"product","link":"https:\/\/www.naturclic.com\/?product=hierro-15-90cap-suravitasan","title":{"rendered":"Hierro 15 90cap SuraVitasan"},"content":{"rendered":"<p><strong>Hierro 15<\/strong>\u00a0es un complemento alimenticio a base de\u00a0<strong>hierro,<\/strong>\u00a0<strong>vitamina C<\/strong>\u00a0y\u00a0<strong>vitaminas del grupo B<\/strong>\u00a0que contribuyen al metabolismo normal del hierro. Aporta\u00a0<strong>15 mg de hierro elemental por c\u00e1psula<\/strong>\u00a0procedente del ascorbato de hierro, una forma de hierro bien tolerada.<\/p>\n<p><em><em id=\"juntar-linea\">Declaraciones saludables\u00a0<\/em><\/em><em>(Reglamento UE N\u00ba 432\/2012):<\/em><strong><em>\u00a0<\/em><\/strong><em>El hierro, la vitamina B6 y B12 contribuyen a la formaci\u00f3n normal de gl\u00f3bulos rojos y hemoglobina y junto a los folatos participan en el funcionamiento normal del<strong>\u00a0sistema inmunitario<\/strong>\u00a0y ayudan a disminuir el\u00a0<strong>cansancio<\/strong>\u00a0y la\u00a0<strong>fatiga.<\/strong>\u00a0Los folatos contribuyen a la formaci\u00f3n normal de c\u00e9lulas sangu\u00edneas y al crecimiento de los tejidos maternos\u00a0durante el\u00a0<strong>embarazo.<\/strong>\u00a0La vitamina C mejora la absorci\u00f3n del hierro\u00a0y junto con la B2 contribuyen a la protecci\u00f3n de las c\u00e9lulas frente\u00a0al da\u00f1o oxidativo.<\/em><\/p>\n<p>&nbsp;<\/p>\n<hr \/>\n<p>&nbsp;<\/p>\n<p><strong>Vegano, Ovolactovegetariano, Sin gluten, Sin l\u00e1cteos<\/strong><\/p>\n","protected":false},"excerpt":{"rendered":"<p><strong>Hierro 15<\/strong>\u00a0es un complemento alimenticio a base de\u00a0<strong>hierro,<\/strong>\u00a0<strong>vitamina C<\/strong>\u00a0y\u00a0<strong>vitaminas del grupo B<\/strong>\u00a0que contribuyen al metabolismo normal del hierro. Aporta\u00a0<strong>15 mg de hierro elemental por c\u00e1psula<\/strong>\u00a0procedente del ascorbato de hierro, una forma de hierro bien tolerada.<\/p>\n<p><em><em id=\"juntar-linea\">Declaraciones saludables\u00a0<\/em><\/em><em>(Reglamento UE N\u00ba 432\/2012):<\/em><strong><em>\u00a0<\/em><\/strong><em>El hierro, la vitamina B6 y B12 contribuyen a la formaci\u00f3n normal de gl\u00f3bulos rojos y hemoglobina y junto a los folatos participan en el funcionamiento normal del<strong>\u00a0sistema inmunitario<\/strong>\u00a0y ayudan a disminuir el\u00a0<strong>cansancio<\/strong>\u00a0y la\u00a0<strong>fatiga.<\/strong>\u00a0Los folatos contribuyen a la formaci\u00f3n normal de c\u00e9lulas sangu\u00edneas y al crecimiento de los tejidos maternos\u00a0durante el\u00a0<strong>embarazo.<\/strong>\u00a0La vitamina C mejora la absorci\u00f3n del hierro\u00a0y junto con la B2 contribuyen a la protecci\u00f3n de las c\u00e9lulas frente\u00a0al da\u00f1o oxidativo.<\/em><\/p>\n<p>&nbsp;<\/p>\n<hr \/>\n<p>&nbsp;<\/p>\n<p><strong>Vegano, Ovolactovegetariano, Sin gluten, Sin l\u00e1cteos<\/strong><\/p>\n","protected":false},"featured_media":8047,"comment_status":"open","ping_status":"closed","template":"","meta":{"_joinchat":[]},"product_brand":[],"product_cat":[126],"product_tag":[],"class_list":{"0":"post-8046","1":"product","2":"type-product","3":"status-publish","4":"has-post-thumbnail","6":"product_cat-suplementos-naturales","8":"first","9":"instock","10":"taxable","11":"shipping-taxable","12":"purchasable","13":"product-type-simple"},"_links":{"self":[{"href":"https:\/\/www.naturclic.com\/index.php?rest_route=\/wp\/v2\/product\/8046","targetHints":{"allow":["GET"]}}],"collection":[{"href":"https:\/\/www.naturclic.com\/index.php?rest_route=\/wp\/v2\/product"}],"about":[{"href":"https:\/\/www.naturclic.com\/index.php?rest_route=\/wp\/v2\/types\/product"}],"replies":[{"embeddable":true,"href":"https:\/\/www.naturclic.com\/index.php?rest_route=%2Fwp%2Fv2%2Fcomments&post=8046"}],"wp:featuredmedia":[{"embeddable":true,"href":"https:\/\/www.naturclic.com\/index.php?rest_route=\/wp\/v2\/media\/8047"}],"wp:attachment":[{"href":"https:\/\/www.naturclic.com\/index.php?rest_route=%2Fwp%2Fv2%2Fmedia&parent=8046"}],"wp:term":[{"taxonomy":"product_brand","embeddable":true,"href":"https:\/\/www.naturclic.com\/index.php?rest_route=%2Fwp%2Fv2%2Fproduct_brand&post=8046"},{"taxonomy":"product_cat","embeddable":true,"href":"https:\/\/www.naturclic.com\/index.php?rest_route=%2Fwp%2Fv2%2Fproduct_cat&post=8046"},{"taxonomy":"product_tag","embeddable":true,"href":"https:\/\/www.naturclic.com\/index.php?rest_route=%2Fwp%2Fv2%2Fproduct_tag&post=8046"}],"curies":[{"name":"wp","href":"https:\/\/api.w.org\/{rel}","templated":true}]}}