{"id":8083,"date":"2024-08-17T17:22:39","date_gmt":"2024-08-17T15:22:39","guid":{"rendered":"https:\/\/www.naturclic.com\/?post_type=product&#038;p=8083"},"modified":"2024-08-17T17:22:39","modified_gmt":"2024-08-17T15:22:39","slug":"magnesio-bisglicinato-c-226gramos-suravitasan","status":"publish","type":"product","link":"https:\/\/www.naturclic.com\/?product=magnesio-bisglicinato-c-226gramos-suravitasan","title":{"rendered":"Magnesio Bisglicinato + C 226gramos SuraVitasan"},"content":{"rendered":"<p><strong>Magnesio Bisglicinato + C<\/strong>\u00a0es un complemento alimenticio a base de bisglicinato de magnesio puro y totalmente reaccionado. Es la forma de magnesio m\u00e1s\u00a0<strong>biodisponible<\/strong>, y es suave para el est\u00f3mago. El producto aporta por dosis diaria\u00a0<strong>200 mg de magnesio<\/strong>\u00a0elemental y adem\u00e1s 375 mg de vitamina C que refuerza las funciones del magnesio en el organismo. Tambi\u00e9n aporta 350 mg de \u00e1cido m\u00e1lico.<\/p>\n<p>&nbsp;<\/p>\n<p><em><strong>DECLARACIONES SALUDABLES (Reglamento UE N\u00ba 432\/2012):<\/strong><\/em><\/p>\n<p><em>El magnesio y la vitamina C ayudan a\u00a0<strong>disminuir el cansancio y la fatiga<\/strong>; contribuyen al\u00a0<strong>metabolismo energ\u00e9tico<\/strong>\u00a0normal y al funcionamiento normal del\u00a0<strong>sistema nervioso<\/strong>. El magnesio contribuye al\u00a0<strong>equilibrio electrol\u00edtico<\/strong>, al funcionamiento normal de los\u00a0<strong>m\u00fasculos<\/strong>, a la s\u00edntesis proteica normal, al mantenimiento de los\u00a0<strong>huesos<\/strong>\u00a0en condiciones normales y a la\u00a0<strong>funci\u00f3n psicol\u00f3gica<\/strong>\u00a0normal. La vitamina C contribuye al funcionamiento normal del\u00a0<strong>sistema inmunitario<\/strong>\u00a0durante el\u00a0<strong>ejercicio f\u00edsico intenso<\/strong>\u00a0y despu\u00e9s de este (con una ingesta de 200 mg al d\u00eda a\u00f1adida a la ingesta diaria recomendada), y a la formaci\u00f3n normal de col\u00e1geno para el funcionamiento normal de los vasos sangu\u00edneos, huesos y cart\u00edlagos.<\/em><\/p>\n<hr \/>\n<p><strong>Veganos, Ovolactoveganos, Sin gluten, Sin l\u00e1cteos<\/strong><\/p>\n","protected":false},"excerpt":{"rendered":"<p><strong>Magnesio Bisglicinato + C<\/strong>\u00a0es un complemento alimenticio a base de bisglicinato de magnesio puro y totalmente reaccionado. Es la forma de magnesio m\u00e1s\u00a0<strong>biodisponible<\/strong>, y es suave para el est\u00f3mago. El producto aporta por dosis diaria\u00a0<strong>200 mg de magnesio<\/strong>\u00a0elemental y adem\u00e1s 375 mg de vitamina C que refuerza las funciones del magnesio en el organismo. Tambi\u00e9n aporta 350 mg de \u00e1cido m\u00e1lico.<\/p>\n<p>&nbsp;<\/p>\n<p><em><strong>DECLARACIONES SALUDABLES (Reglamento UE N\u00ba 432\/2012):<\/strong><\/em><\/p>\n<p><em>El magnesio y la vitamina C ayudan a\u00a0<strong>disminuir el cansancio y la fatiga<\/strong>; contribuyen al\u00a0<strong>metabolismo energ\u00e9tico<\/strong>\u00a0normal y al funcionamiento normal del\u00a0<strong>sistema nervioso<\/strong>. El magnesio contribuye al\u00a0<strong>equilibrio electrol\u00edtico<\/strong>, al funcionamiento normal de los\u00a0<strong>m\u00fasculos<\/strong>, a la s\u00edntesis proteica normal, al mantenimiento de los\u00a0<strong>huesos<\/strong>\u00a0en condiciones normales y a la\u00a0<strong>funci\u00f3n psicol\u00f3gica<\/strong>\u00a0normal. La vitamina C contribuye al funcionamiento normal del\u00a0<strong>sistema inmunitario<\/strong>\u00a0durante el\u00a0<strong>ejercicio f\u00edsico intenso<\/strong>\u00a0y despu\u00e9s de este (con una ingesta de 200 mg al d\u00eda a\u00f1adida a la ingesta diaria recomendada), y a la formaci\u00f3n normal de col\u00e1geno para el funcionamiento normal de los vasos sangu\u00edneos, huesos y cart\u00edlagos.<\/em><\/p>\n<hr \/>\n<p><strong>Veganos, Ovolactoveganos, Sin gluten, Sin l\u00e1cteos<\/strong><\/p>\n","protected":false},"featured_media":8084,"comment_status":"open","ping_status":"closed","template":"","meta":{"_joinchat":[]},"product_brand":[],"product_cat":[126],"product_tag":[],"class_list":{"0":"post-8083","1":"product","2":"type-product","3":"status-publish","4":"has-post-thumbnail","6":"product_cat-suplementos-naturales","8":"first","9":"instock","10":"taxable","11":"shipping-taxable","12":"purchasable","13":"product-type-simple"},"_links":{"self":[{"href":"https:\/\/www.naturclic.com\/index.php?rest_route=\/wp\/v2\/product\/8083","targetHints":{"allow":["GET"]}}],"collection":[{"href":"https:\/\/www.naturclic.com\/index.php?rest_route=\/wp\/v2\/product"}],"about":[{"href":"https:\/\/www.naturclic.com\/index.php?rest_route=\/wp\/v2\/types\/product"}],"replies":[{"embeddable":true,"href":"https:\/\/www.naturclic.com\/index.php?rest_route=%2Fwp%2Fv2%2Fcomments&post=8083"}],"wp:featuredmedia":[{"embeddable":true,"href":"https:\/\/www.naturclic.com\/index.php?rest_route=\/wp\/v2\/media\/8084"}],"wp:attachment":[{"href":"https:\/\/www.naturclic.com\/index.php?rest_route=%2Fwp%2Fv2%2Fmedia&parent=8083"}],"wp:term":[{"taxonomy":"product_brand","embeddable":true,"href":"https:\/\/www.naturclic.com\/index.php?rest_route=%2Fwp%2Fv2%2Fproduct_brand&post=8083"},{"taxonomy":"product_cat","embeddable":true,"href":"https:\/\/www.naturclic.com\/index.php?rest_route=%2Fwp%2Fv2%2Fproduct_cat&post=8083"},{"taxonomy":"product_tag","embeddable":true,"href":"https:\/\/www.naturclic.com\/index.php?rest_route=%2Fwp%2Fv2%2Fproduct_tag&post=8083"}],"curies":[{"name":"wp","href":"https:\/\/api.w.org\/{rel}","templated":true}]}}