{"id":8099,"date":"2024-08-17T17:43:10","date_gmt":"2024-08-17T15:43:10","guid":{"rendered":"https:\/\/www.naturclic.com\/?post_type=product&#038;p=8099"},"modified":"2024-08-17T17:43:10","modified_gmt":"2024-08-17T15:43:10","slug":"multi-1-vitaminas-minerales-60cap-suravitasan","status":"publish","type":"product","link":"https:\/\/www.naturclic.com\/?product=multi-1-vitaminas-minerales-60cap-suravitasan","title":{"rendered":"Multi #1 Vitaminas &#038; Minerales 60cap SuraVitasan"},"content":{"rendered":"<p><strong>Multi #1<\/strong>\u00a0es un complemento alimenticio a base\u00a0<strong>13 vitaminas, 9 minerales y factores lipotr\u00f3ficos<\/strong>\u00a0(colina, inositol y PABA) en una base vegetal para una mejor asimilaci\u00f3n de los nutrientes. Es una f\u00f3rmula muy completa de 26 ingredientes que se han incluido en sus formas m\u00e1s\u00a0<strong>activas y biodisponibles<\/strong>.<\/p>\n<p>&nbsp;<\/p>\n<p><em><strong>DECLARACIONES SALUDABLES (Reglamento UE N\u00ba 432\/2012):<\/strong><\/em><\/p>\n<p><em>Con magnesio, folato y vitaminas B2,B3,B5,B6,B12 y C, que ayudan a disminuir el\u00a0<strong>cansancio<\/strong>\u00a0y la\u00a0<strong>fatiga<\/strong>.Con cobre, selenio, zinc, folato, vitaminas B6, B12, C y D, que contribuyen al funcionamiento normal del\u00a0<strong>sistema inmunitario<\/strong>. Con cobre, selenio, zinc, vitaminas B2, C y E, que contribuyen a la protecci\u00f3n de las c\u00e9lulas frente al da\u00f1o oxidativo<\/em><\/p>\n<hr \/>\n<p><strong>Ovolactovegano, Sin gluten, Sin l\u00e1cteos<\/strong><\/p>\n<p><strong>Origen animal: Vitamina D3 (lanolina de oveja)<\/strong><\/p>\n<p><strong>Al\u00e9rgenos comunes: Soja (lecitina)<\/strong><\/p>\n","protected":false},"excerpt":{"rendered":"<p><strong>Multi #1<\/strong>\u00a0es un complemento alimenticio a base\u00a0<strong>13 vitaminas, 9 minerales y factores lipotr\u00f3ficos<\/strong>\u00a0(colina, inositol y PABA) en una base vegetal para una mejor asimilaci\u00f3n de los nutrientes. Es una f\u00f3rmula muy completa de 26 ingredientes que se han incluido en sus formas m\u00e1s\u00a0<strong>activas y biodisponibles<\/strong>.<\/p>\n<p>&nbsp;<\/p>\n<p><em><strong>DECLARACIONES SALUDABLES (Reglamento UE N\u00ba 432\/2012):<\/strong><\/em><\/p>\n<p><em>Con magnesio, folato y vitaminas B2,B3,B5,B6,B12 y C, que ayudan a disminuir el\u00a0<strong>cansancio<\/strong>\u00a0y la\u00a0<strong>fatiga<\/strong>.Con cobre, selenio, zinc, folato, vitaminas B6, B12, C y D, que contribuyen al funcionamiento normal del\u00a0<strong>sistema inmunitario<\/strong>. Con cobre, selenio, zinc, vitaminas B2, C y E, que contribuyen a la protecci\u00f3n de las c\u00e9lulas frente al da\u00f1o oxidativo<\/em><\/p>\n<hr \/>\n<p><strong>Ovolactovegano, Sin gluten, Sin l\u00e1cteos<\/strong><\/p>\n<p><strong>Origen animal: Vitamina D3 (lanolina de oveja)<\/strong><\/p>\n<p><strong>Al\u00e9rgenos comunes: Soja (lecitina)<\/strong><\/p>\n","protected":false},"featured_media":8101,"comment_status":"open","ping_status":"closed","template":"","meta":{"_joinchat":[]},"product_brand":[],"product_cat":[126],"product_tag":[],"class_list":{"0":"post-8099","1":"product","2":"type-product","3":"status-publish","4":"has-post-thumbnail","6":"product_cat-suplementos-naturales","8":"first","9":"instock","10":"taxable","11":"shipping-taxable","12":"purchasable","13":"product-type-simple"},"_links":{"self":[{"href":"https:\/\/www.naturclic.com\/index.php?rest_route=\/wp\/v2\/product\/8099","targetHints":{"allow":["GET"]}}],"collection":[{"href":"https:\/\/www.naturclic.com\/index.php?rest_route=\/wp\/v2\/product"}],"about":[{"href":"https:\/\/www.naturclic.com\/index.php?rest_route=\/wp\/v2\/types\/product"}],"replies":[{"embeddable":true,"href":"https:\/\/www.naturclic.com\/index.php?rest_route=%2Fwp%2Fv2%2Fcomments&post=8099"}],"wp:featuredmedia":[{"embeddable":true,"href":"https:\/\/www.naturclic.com\/index.php?rest_route=\/wp\/v2\/media\/8101"}],"wp:attachment":[{"href":"https:\/\/www.naturclic.com\/index.php?rest_route=%2Fwp%2Fv2%2Fmedia&parent=8099"}],"wp:term":[{"taxonomy":"product_brand","embeddable":true,"href":"https:\/\/www.naturclic.com\/index.php?rest_route=%2Fwp%2Fv2%2Fproduct_brand&post=8099"},{"taxonomy":"product_cat","embeddable":true,"href":"https:\/\/www.naturclic.com\/index.php?rest_route=%2Fwp%2Fv2%2Fproduct_cat&post=8099"},{"taxonomy":"product_tag","embeddable":true,"href":"https:\/\/www.naturclic.com\/index.php?rest_route=%2Fwp%2Fv2%2Fproduct_tag&post=8099"}],"curies":[{"name":"wp","href":"https:\/\/api.w.org\/{rel}","templated":true}]}}