{"id":8104,"date":"2024-08-17T17:48:54","date_gmt":"2024-08-17T15:48:54","guid":{"rendered":"https:\/\/www.naturclic.com\/?post_type=product&#038;p=8104"},"modified":"2024-08-17T17:48:54","modified_gmt":"2024-08-17T15:48:54","slug":"oregano-15ml-suravitasan","status":"publish","type":"product","link":"https:\/\/www.naturclic.com\/?product=oregano-15ml-suravitasan","title":{"rendered":"Or\u00e9gano 15ml SuraVitasan"},"content":{"rendered":"<p><strong>Or\u00e9gano Aceite<\/strong>\u00a0es un complemento alimenticio a base de aceite de or\u00e9gano de cultivo salvaje obtenido de la especie\u00a0<strong><em>Origanum minutiflorum<\/em><\/strong>\u00a0y que contiene una de las concentraciones naturales m\u00e1s elevadas de carvacrol (<strong>91-95% en carvacrol<\/strong>\u00a0de los aceites volatiles). La planta crece a una altitud superior a los 1.500 m de la cordillera turca y esta localizaci\u00f3n determina su contenido en carvacrol. Se recolecta a mano y su extracci\u00f3n\u00a0<strong>libre de solventes<\/strong>\u00a0permite obtener un aceite de alta pureza y calidad. El aceite de or\u00e9gano\u00a0<strong>se extrae por arrastre de vapor<\/strong>, y se presenta mezclado con aceite de oliva de cultivo org\u00e1nico de primera presi\u00f3n en fr\u00edo.<\/p>\n<hr \/>\n<p><strong>Vegano, Ovolactovegetariano, Sin gluten, Sin l\u00e1cteos<\/strong><\/p>\n","protected":false},"excerpt":{"rendered":"<p><strong>Or\u00e9gano Aceite<\/strong>\u00a0es un complemento alimenticio a base de aceite de or\u00e9gano de cultivo salvaje obtenido de la especie\u00a0<strong><em>Origanum minutiflorum<\/em><\/strong>\u00a0y que contiene una de las concentraciones naturales m\u00e1s elevadas de carvacrol (<strong>91-95% en carvacrol<\/strong>\u00a0de los aceites volatiles). La planta crece a una altitud superior a los 1.500 m de la cordillera turca y esta localizaci\u00f3n determina su contenido en carvacrol. Se recolecta a mano y su extracci\u00f3n\u00a0<strong>libre de solventes<\/strong>\u00a0permite obtener un aceite de alta pureza y calidad. El aceite de or\u00e9gano\u00a0<strong>se extrae por arrastre de vapor<\/strong>, y se presenta mezclado con aceite de oliva de cultivo org\u00e1nico de primera presi\u00f3n en fr\u00edo.<\/p>\n<hr \/>\n<p><strong>Vegano, Ovolactovegetariano, Sin gluten, Sin l\u00e1cteos<\/strong><\/p>\n","protected":false},"featured_media":8105,"comment_status":"open","ping_status":"closed","template":"","meta":{"_joinchat":[]},"product_brand":[],"product_cat":[126],"product_tag":[],"class_list":{"0":"post-8104","1":"product","2":"type-product","3":"status-publish","4":"has-post-thumbnail","6":"product_cat-suplementos-naturales","8":"first","9":"instock","10":"taxable","11":"shipping-taxable","12":"purchasable","13":"product-type-simple"},"_links":{"self":[{"href":"https:\/\/www.naturclic.com\/index.php?rest_route=\/wp\/v2\/product\/8104","targetHints":{"allow":["GET"]}}],"collection":[{"href":"https:\/\/www.naturclic.com\/index.php?rest_route=\/wp\/v2\/product"}],"about":[{"href":"https:\/\/www.naturclic.com\/index.php?rest_route=\/wp\/v2\/types\/product"}],"replies":[{"embeddable":true,"href":"https:\/\/www.naturclic.com\/index.php?rest_route=%2Fwp%2Fv2%2Fcomments&post=8104"}],"wp:featuredmedia":[{"embeddable":true,"href":"https:\/\/www.naturclic.com\/index.php?rest_route=\/wp\/v2\/media\/8105"}],"wp:attachment":[{"href":"https:\/\/www.naturclic.com\/index.php?rest_route=%2Fwp%2Fv2%2Fmedia&parent=8104"}],"wp:term":[{"taxonomy":"product_brand","embeddable":true,"href":"https:\/\/www.naturclic.com\/index.php?rest_route=%2Fwp%2Fv2%2Fproduct_brand&post=8104"},{"taxonomy":"product_cat","embeddable":true,"href":"https:\/\/www.naturclic.com\/index.php?rest_route=%2Fwp%2Fv2%2Fproduct_cat&post=8104"},{"taxonomy":"product_tag","embeddable":true,"href":"https:\/\/www.naturclic.com\/index.php?rest_route=%2Fwp%2Fv2%2Fproduct_tag&post=8104"}],"curies":[{"name":"wp","href":"https:\/\/api.w.org\/{rel}","templated":true}]}}