{"id":8106,"date":"2024-08-17T17:51:40","date_gmt":"2024-08-17T15:51:40","guid":{"rendered":"https:\/\/www.naturclic.com\/?post_type=product&#038;p=8106"},"modified":"2024-08-17T17:51:40","modified_gmt":"2024-08-17T15:51:40","slug":"osto-fort-90cap-suravitasan","status":"publish","type":"product","link":"https:\/\/www.naturclic.com\/?product=osto-fort-90cap-suravitasan","title":{"rendered":"Osto-Fort 90cap SuraVitasan"},"content":{"rendered":"<p><strong>Osto-Fort<\/strong>\u00a0es un complemento alimenticio a base de hidroxiapatita microcristalina, vitaminas, minerales, extractos de plantas y amino\u00e1cidos que aporta calcio, f\u00f3sforo y col\u00e1geno org\u00e1nico de m\u00e1xima asimilaci\u00f3n junto con el m\u00e1s completo apoyo de cofactores de ayuda en el\u00a0<strong>mantenimiento de la salud \u00f3sea<\/strong>.<\/p>\n<p><em id=\"juntar-linea\">Declaraciones saludables\u00a0<\/em><em>(Reglamento UE N\u00ba 432\/2012):\u00a0<\/em><em>El calcio, f\u00f3sforo, \u00a0manganeso, zinc,vitamina D y vitamina K, son necesarios para el\u00a0<strong>mantenimiento de los huesos<\/strong>\u00a0en condiciones normales. La vitamina C contribuye a la formaci\u00f3n natural de\u00a0<strong>col\u00e1geno<\/strong>\u00a0para el funcionamiento normal de los\u00a0<strong>cart\u00edlagos<\/strong>\u00a0y\u00a0<strong>huesos<\/strong>.<\/em><\/p>\n<hr \/>\n<p>&nbsp;<\/p>\n<p><strong>Sin gluten, Sin l\u00e1cteos<\/strong><\/p>\n<p>&nbsp;<\/p>\n<p><strong>Origen animal: hidroxiapatita (bovina) \/ Vitamina D3 (lanolina de oveja)<\/strong><\/p>\n","protected":false},"excerpt":{"rendered":"<p><strong>Osto-Fort<\/strong>\u00a0es un complemento alimenticio a base de hidroxiapatita microcristalina, vitaminas, minerales, extractos de plantas y amino\u00e1cidos que aporta calcio, f\u00f3sforo y col\u00e1geno org\u00e1nico de m\u00e1xima asimilaci\u00f3n junto con el m\u00e1s completo apoyo de cofactores de ayuda en el\u00a0<strong>mantenimiento de la salud \u00f3sea<\/strong>.<\/p>\n<p><em id=\"juntar-linea\">Declaraciones saludables\u00a0<\/em><em>(Reglamento UE N\u00ba 432\/2012):\u00a0<\/em><em>El calcio, f\u00f3sforo, \u00a0manganeso, zinc,vitamina D y vitamina K, son necesarios para el\u00a0<strong>mantenimiento de los huesos<\/strong>\u00a0en condiciones normales. La vitamina C contribuye a la formaci\u00f3n natural de\u00a0<strong>col\u00e1geno<\/strong>\u00a0para el funcionamiento normal de los\u00a0<strong>cart\u00edlagos<\/strong>\u00a0y\u00a0<strong>huesos<\/strong>.<\/em><\/p>\n<hr \/>\n<p>&nbsp;<\/p>\n<p><strong>Sin gluten, Sin l\u00e1cteos<\/strong><\/p>\n<p>&nbsp;<\/p>\n<p><strong>Origen animal: hidroxiapatita (bovina) \/ Vitamina D3 (lanolina de oveja)<\/strong><\/p>\n","protected":false},"featured_media":8107,"comment_status":"open","ping_status":"closed","template":"","meta":{"_joinchat":[]},"product_brand":[],"product_cat":[126],"product_tag":[],"class_list":{"0":"post-8106","1":"product","2":"type-product","3":"status-publish","4":"has-post-thumbnail","6":"product_cat-suplementos-naturales","8":"first","9":"instock","10":"taxable","11":"shipping-taxable","12":"purchasable","13":"product-type-simple"},"_links":{"self":[{"href":"https:\/\/www.naturclic.com\/index.php?rest_route=\/wp\/v2\/product\/8106","targetHints":{"allow":["GET"]}}],"collection":[{"href":"https:\/\/www.naturclic.com\/index.php?rest_route=\/wp\/v2\/product"}],"about":[{"href":"https:\/\/www.naturclic.com\/index.php?rest_route=\/wp\/v2\/types\/product"}],"replies":[{"embeddable":true,"href":"https:\/\/www.naturclic.com\/index.php?rest_route=%2Fwp%2Fv2%2Fcomments&post=8106"}],"wp:featuredmedia":[{"embeddable":true,"href":"https:\/\/www.naturclic.com\/index.php?rest_route=\/wp\/v2\/media\/8107"}],"wp:attachment":[{"href":"https:\/\/www.naturclic.com\/index.php?rest_route=%2Fwp%2Fv2%2Fmedia&parent=8106"}],"wp:term":[{"taxonomy":"product_brand","embeddable":true,"href":"https:\/\/www.naturclic.com\/index.php?rest_route=%2Fwp%2Fv2%2Fproduct_brand&post=8106"},{"taxonomy":"product_cat","embeddable":true,"href":"https:\/\/www.naturclic.com\/index.php?rest_route=%2Fwp%2Fv2%2Fproduct_cat&post=8106"},{"taxonomy":"product_tag","embeddable":true,"href":"https:\/\/www.naturclic.com\/index.php?rest_route=%2Fwp%2Fv2%2Fproduct_tag&post=8106"}],"curies":[{"name":"wp","href":"https:\/\/api.w.org\/{rel}","templated":true}]}}