{"id":8110,"date":"2024-08-17T17:55:39","date_gmt":"2024-08-17T15:55:39","guid":{"rendered":"https:\/\/www.naturclic.com\/?post_type=product&#038;p=8110"},"modified":"2024-08-17T17:55:40","modified_gmt":"2024-08-17T15:55:40","slug":"papaya-max-100cap-suravitasan","status":"publish","type":"product","link":"https:\/\/www.naturclic.com\/?product=papaya-max-100cap-suravitasan","title":{"rendered":"Papaya Max 100cap SuraVitasan"},"content":{"rendered":"<p>Cada c\u00e1psula de\u00a0<strong>Papaya Max<\/strong>\u00a0contiene 250 mg de fruto de papaya (<em>Carica papaya)<\/em>\u00a0formulada con 6 mg de papa\u00edna (600.000 FCC-PU). La papa\u00edna es una enzima proteol\u00edtica obtenida del l\u00e1tex de la papaya. Frecuentemente la producci\u00f3n pancre\u00e1tica de\u00a0<strong>enzimas proteol\u00edticas<\/strong>\u00a0se ve reducida con la edad.<\/p>\n<hr \/>\n<p><strong>Vegano, Ovolactovegetariano, Sin gluten, Sin l\u00e1cteos<\/strong><\/p>\n","protected":false},"excerpt":{"rendered":"<p>Cada c\u00e1psula de\u00a0<strong>Papaya Max<\/strong>\u00a0contiene 250 mg de fruto de papaya (<em>Carica papaya)<\/em>\u00a0formulada con 6 mg de papa\u00edna (600.000 FCC-PU). La papa\u00edna es una enzima proteol\u00edtica obtenida del l\u00e1tex de la papaya. Frecuentemente la producci\u00f3n pancre\u00e1tica de\u00a0<strong>enzimas proteol\u00edticas<\/strong>\u00a0se ve reducida con la edad.<\/p>\n<hr \/>\n<p><strong>Vegano, Ovolactovegetariano, Sin gluten, Sin l\u00e1cteos<\/strong><\/p>\n","protected":false},"featured_media":8111,"comment_status":"open","ping_status":"closed","template":"","meta":{"_joinchat":[]},"product_brand":[],"product_cat":[126],"product_tag":[],"class_list":{"0":"post-8110","1":"product","2":"type-product","3":"status-publish","4":"has-post-thumbnail","6":"product_cat-suplementos-naturales","8":"first","9":"instock","10":"taxable","11":"shipping-taxable","12":"purchasable","13":"product-type-simple"},"_links":{"self":[{"href":"https:\/\/www.naturclic.com\/index.php?rest_route=\/wp\/v2\/product\/8110","targetHints":{"allow":["GET"]}}],"collection":[{"href":"https:\/\/www.naturclic.com\/index.php?rest_route=\/wp\/v2\/product"}],"about":[{"href":"https:\/\/www.naturclic.com\/index.php?rest_route=\/wp\/v2\/types\/product"}],"replies":[{"embeddable":true,"href":"https:\/\/www.naturclic.com\/index.php?rest_route=%2Fwp%2Fv2%2Fcomments&post=8110"}],"wp:featuredmedia":[{"embeddable":true,"href":"https:\/\/www.naturclic.com\/index.php?rest_route=\/wp\/v2\/media\/8111"}],"wp:attachment":[{"href":"https:\/\/www.naturclic.com\/index.php?rest_route=%2Fwp%2Fv2%2Fmedia&parent=8110"}],"wp:term":[{"taxonomy":"product_brand","embeddable":true,"href":"https:\/\/www.naturclic.com\/index.php?rest_route=%2Fwp%2Fv2%2Fproduct_brand&post=8110"},{"taxonomy":"product_cat","embeddable":true,"href":"https:\/\/www.naturclic.com\/index.php?rest_route=%2Fwp%2Fv2%2Fproduct_cat&post=8110"},{"taxonomy":"product_tag","embeddable":true,"href":"https:\/\/www.naturclic.com\/index.php?rest_route=%2Fwp%2Fv2%2Fproduct_tag&post=8110"}],"curies":[{"name":"wp","href":"https:\/\/api.w.org\/{rel}","templated":true}]}}