{"id":8113,"date":"2024-08-17T17:57:40","date_gmt":"2024-08-17T15:57:40","guid":{"rendered":"https:\/\/www.naturclic.com\/?post_type=product&#038;p=8113"},"modified":"2024-08-17T17:57:40","modified_gmt":"2024-08-17T15:57:40","slug":"pectina-citrica-modificada-150gramos-suravitasan","status":"publish","type":"product","link":"https:\/\/www.naturclic.com\/?product=pectina-citrica-modificada-150gramos-suravitasan","title":{"rendered":"Pectina C\u00edtrica Modificada 150gramos SuraVitasan"},"content":{"rendered":"<p>Nuestra\u00a0<strong>Pectina C\u00edtrica Modificada<\/strong>\u00a0es un polisac\u00e1rido complejo procedente de la fibra soluble de la c\u00e1scara de lim\u00f3n. Tiene un bajo peso y tama\u00f1o molecular, lo que le permite atravesar f\u00e1cilmente la pared intestinal hacia el torrente sangu\u00edneo para una mejor biodisponibilidad. Una vez dentro del sistema circulatorio, se expone a todos los tejidos y \u00f3rganos del cuerpo para ejercer su acci\u00f3n.<\/p>\n<hr \/>\n<p><strong>Vegano, Ovolactovegetariano, Sin gluten, Sin l\u00e1cteos<\/strong><\/p>\n","protected":false},"excerpt":{"rendered":"<p>Nuestra\u00a0<strong>Pectina C\u00edtrica Modificada<\/strong>\u00a0es un polisac\u00e1rido complejo procedente de la fibra soluble de la c\u00e1scara de lim\u00f3n. Tiene un bajo peso y tama\u00f1o molecular, lo que le permite atravesar f\u00e1cilmente la pared intestinal hacia el torrente sangu\u00edneo para una mejor biodisponibilidad. Una vez dentro del sistema circulatorio, se expone a todos los tejidos y \u00f3rganos del cuerpo para ejercer su acci\u00f3n.<\/p>\n<hr \/>\n<p><strong>Vegano, Ovolactovegetariano, Sin gluten, Sin l\u00e1cteos<\/strong><\/p>\n","protected":false},"featured_media":8114,"comment_status":"open","ping_status":"closed","template":"","meta":{"_joinchat":[]},"product_brand":[],"product_cat":[126],"product_tag":[],"class_list":{"0":"post-8113","1":"product","2":"type-product","3":"status-publish","4":"has-post-thumbnail","6":"product_cat-suplementos-naturales","8":"first","9":"instock","10":"taxable","11":"shipping-taxable","12":"purchasable","13":"product-type-simple"},"_links":{"self":[{"href":"https:\/\/www.naturclic.com\/index.php?rest_route=\/wp\/v2\/product\/8113","targetHints":{"allow":["GET"]}}],"collection":[{"href":"https:\/\/www.naturclic.com\/index.php?rest_route=\/wp\/v2\/product"}],"about":[{"href":"https:\/\/www.naturclic.com\/index.php?rest_route=\/wp\/v2\/types\/product"}],"replies":[{"embeddable":true,"href":"https:\/\/www.naturclic.com\/index.php?rest_route=%2Fwp%2Fv2%2Fcomments&post=8113"}],"wp:featuredmedia":[{"embeddable":true,"href":"https:\/\/www.naturclic.com\/index.php?rest_route=\/wp\/v2\/media\/8114"}],"wp:attachment":[{"href":"https:\/\/www.naturclic.com\/index.php?rest_route=%2Fwp%2Fv2%2Fmedia&parent=8113"}],"wp:term":[{"taxonomy":"product_brand","embeddable":true,"href":"https:\/\/www.naturclic.com\/index.php?rest_route=%2Fwp%2Fv2%2Fproduct_brand&post=8113"},{"taxonomy":"product_cat","embeddable":true,"href":"https:\/\/www.naturclic.com\/index.php?rest_route=%2Fwp%2Fv2%2Fproduct_cat&post=8113"},{"taxonomy":"product_tag","embeddable":true,"href":"https:\/\/www.naturclic.com\/index.php?rest_route=%2Fwp%2Fv2%2Fproduct_tag&post=8113"}],"curies":[{"name":"wp","href":"https:\/\/api.w.org\/{rel}","templated":true}]}}