{"id":8132,"date":"2024-08-17T18:20:13","date_gmt":"2024-08-17T16:20:13","guid":{"rendered":"https:\/\/www.naturclic.com\/?post_type=product&#038;p=8132"},"modified":"2024-08-17T18:20:13","modified_gmt":"2024-08-17T16:20:13","slug":"semillas-de-uva-60cap-suravitasan","status":"publish","type":"product","link":"https:\/\/www.naturclic.com\/?product=semillas-de-uva-60cap-suravitasan","title":{"rendered":"Semillas de Uva 60cap SuraVitasan"},"content":{"rendered":"<p><strong>Semilla de Uva O.P.C.<\/strong>\u00a0es un complemento alimenticio a base de un extracto de semilla y de piel de uva en combinaci\u00f3n con mirtilo. El extracto de semilla de uva se caracteriza por poseer un 80% de los denominados\u00a0<strong>Complejos Oligom\u00e9ricos Proantocianidinas<\/strong>\u00a0(OPCs) mientras que el extracto de piel de uva contiene un 25% de polifenoles adem\u00e1s de resveratrol que complementan la actividad del extracto de semilla. El mirtilo o ar\u00e1ndano negro es una baya que tambi\u00e9n contiene altos niveles de antocianidinas.<\/p>\n<hr \/>\n<p><strong>Vegano, Ovolactovegetariano, Sin gluten, Sin l\u00e1cteos<\/strong><\/p>\n","protected":false},"excerpt":{"rendered":"<p><strong>Semilla de Uva O.P.C.<\/strong>\u00a0es un complemento alimenticio a base de un extracto de semilla y de piel de uva en combinaci\u00f3n con mirtilo. El extracto de semilla de uva se caracteriza por poseer un 80% de los denominados\u00a0<strong>Complejos Oligom\u00e9ricos Proantocianidinas<\/strong>\u00a0(OPCs) mientras que el extracto de piel de uva contiene un 25% de polifenoles adem\u00e1s de resveratrol que complementan la actividad del extracto de semilla. El mirtilo o ar\u00e1ndano negro es una baya que tambi\u00e9n contiene altos niveles de antocianidinas.<\/p>\n<hr \/>\n<p><strong>Vegano, Ovolactovegetariano, Sin gluten, Sin l\u00e1cteos<\/strong><\/p>\n","protected":false},"featured_media":8133,"comment_status":"open","ping_status":"closed","template":"","meta":{"_joinchat":[]},"product_brand":[],"product_cat":[126],"product_tag":[],"class_list":{"0":"post-8132","1":"product","2":"type-product","3":"status-publish","4":"has-post-thumbnail","6":"product_cat-suplementos-naturales","8":"first","9":"instock","10":"taxable","11":"shipping-taxable","12":"purchasable","13":"product-type-simple"},"_links":{"self":[{"href":"https:\/\/www.naturclic.com\/index.php?rest_route=\/wp\/v2\/product\/8132","targetHints":{"allow":["GET"]}}],"collection":[{"href":"https:\/\/www.naturclic.com\/index.php?rest_route=\/wp\/v2\/product"}],"about":[{"href":"https:\/\/www.naturclic.com\/index.php?rest_route=\/wp\/v2\/types\/product"}],"replies":[{"embeddable":true,"href":"https:\/\/www.naturclic.com\/index.php?rest_route=%2Fwp%2Fv2%2Fcomments&post=8132"}],"wp:featuredmedia":[{"embeddable":true,"href":"https:\/\/www.naturclic.com\/index.php?rest_route=\/wp\/v2\/media\/8133"}],"wp:attachment":[{"href":"https:\/\/www.naturclic.com\/index.php?rest_route=%2Fwp%2Fv2%2Fmedia&parent=8132"}],"wp:term":[{"taxonomy":"product_brand","embeddable":true,"href":"https:\/\/www.naturclic.com\/index.php?rest_route=%2Fwp%2Fv2%2Fproduct_brand&post=8132"},{"taxonomy":"product_cat","embeddable":true,"href":"https:\/\/www.naturclic.com\/index.php?rest_route=%2Fwp%2Fv2%2Fproduct_cat&post=8132"},{"taxonomy":"product_tag","embeddable":true,"href":"https:\/\/www.naturclic.com\/index.php?rest_route=%2Fwp%2Fv2%2Fproduct_tag&post=8132"}],"curies":[{"name":"wp","href":"https:\/\/api.w.org\/{rel}","templated":true}]}}