{"id":8134,"date":"2024-08-17T18:22:04","date_gmt":"2024-08-17T16:22:04","guid":{"rendered":"https:\/\/www.naturclic.com\/?post_type=product&#038;p=8134"},"modified":"2024-08-17T18:22:04","modified_gmt":"2024-08-17T16:22:04","slug":"shiitake-60cap-suravitasan","status":"publish","type":"product","link":"https:\/\/www.naturclic.com\/?product=shiitake-60cap-suravitasan","title":{"rendered":"Shiitake 60cap SuraVitasan"},"content":{"rendered":"<p><strong>Shiitake<\/strong>\u00a0es un complemento a base de un extracto puro y de alta potencia (8:1) del hongo medicinal\u00a0<em>Lentinula edodes<\/em>. El m\u00e9todo de extracci\u00f3n est\u00e1 validado garantizado un extracto al\u00a0<strong>40% en polisac\u00e1ridos y 25% en betaglucanos<\/strong>. Los hongos, que incluye nuestra formulaci\u00f3n proceden de cultivos sostenibles y controlados ya que crecen en invernaderos en condiciones de control climatol\u00f3gico y libres de metales pesados, herbicidas y pesticidas para garantizar la pureza y potencia del extracto. Cada c\u00e1psula vegetal aporta\u00a0<strong>300 mg de Shiitake<\/strong>\u00a0en forma de extracto, apta para cel\u00edacos, vegetarianos y veganos.<\/p>\n<hr \/>\n<p><strong>Vegano, Ovolactovegetariano, Sin gluten, Sin l\u00e1cteos<\/strong><\/p>\n","protected":false},"excerpt":{"rendered":"<p><strong>Shiitake<\/strong>\u00a0es un complemento a base de un extracto puro y de alta potencia (8:1) del hongo medicinal\u00a0<em>Lentinula edodes<\/em>. El m\u00e9todo de extracci\u00f3n est\u00e1 validado garantizado un extracto al\u00a0<strong>40% en polisac\u00e1ridos y 25% en betaglucanos<\/strong>. Los hongos, que incluye nuestra formulaci\u00f3n proceden de cultivos sostenibles y controlados ya que crecen en invernaderos en condiciones de control climatol\u00f3gico y libres de metales pesados, herbicidas y pesticidas para garantizar la pureza y potencia del extracto. Cada c\u00e1psula vegetal aporta\u00a0<strong>300 mg de Shiitake<\/strong>\u00a0en forma de extracto, apta para cel\u00edacos, vegetarianos y veganos.<\/p>\n<hr \/>\n<p><strong>Vegano, Ovolactovegetariano, Sin gluten, Sin l\u00e1cteos<\/strong><\/p>\n","protected":false},"featured_media":8135,"comment_status":"open","ping_status":"closed","template":"","meta":{"_joinchat":[]},"product_brand":[],"product_cat":[126],"product_tag":[],"class_list":{"0":"post-8134","1":"product","2":"type-product","3":"status-publish","4":"has-post-thumbnail","6":"product_cat-suplementos-naturales","8":"first","9":"instock","10":"taxable","11":"shipping-taxable","12":"purchasable","13":"product-type-simple"},"_links":{"self":[{"href":"https:\/\/www.naturclic.com\/index.php?rest_route=\/wp\/v2\/product\/8134","targetHints":{"allow":["GET"]}}],"collection":[{"href":"https:\/\/www.naturclic.com\/index.php?rest_route=\/wp\/v2\/product"}],"about":[{"href":"https:\/\/www.naturclic.com\/index.php?rest_route=\/wp\/v2\/types\/product"}],"replies":[{"embeddable":true,"href":"https:\/\/www.naturclic.com\/index.php?rest_route=%2Fwp%2Fv2%2Fcomments&post=8134"}],"wp:featuredmedia":[{"embeddable":true,"href":"https:\/\/www.naturclic.com\/index.php?rest_route=\/wp\/v2\/media\/8135"}],"wp:attachment":[{"href":"https:\/\/www.naturclic.com\/index.php?rest_route=%2Fwp%2Fv2%2Fmedia&parent=8134"}],"wp:term":[{"taxonomy":"product_brand","embeddable":true,"href":"https:\/\/www.naturclic.com\/index.php?rest_route=%2Fwp%2Fv2%2Fproduct_brand&post=8134"},{"taxonomy":"product_cat","embeddable":true,"href":"https:\/\/www.naturclic.com\/index.php?rest_route=%2Fwp%2Fv2%2Fproduct_cat&post=8134"},{"taxonomy":"product_tag","embeddable":true,"href":"https:\/\/www.naturclic.com\/index.php?rest_route=%2Fwp%2Fv2%2Fproduct_tag&post=8134"}],"curies":[{"name":"wp","href":"https:\/\/api.w.org\/{rel}","templated":true}]}}