{"id":8150,"date":"2024-08-20T16:51:11","date_gmt":"2024-08-20T14:51:11","guid":{"rendered":"https:\/\/www.naturclic.com\/?post_type=product&#038;p=8150"},"modified":"2024-08-20T16:51:11","modified_gmt":"2024-08-20T14:51:11","slug":"vitamina-b12-100cap-suravitasan","status":"publish","type":"product","link":"https:\/\/www.naturclic.com\/?product=vitamina-b12-100cap-suravitasan","title":{"rendered":"Vitamina B12 100cap SuraVitasan"},"content":{"rendered":"<p><strong>Vitamina B12<\/strong>\u00a0es un complemento alimenticio que proporciona\u00a0<strong>500 mcg<\/strong>\u00a0de Vitamina B12. Su absorci\u00f3n disminuye en estados carenciales de calcio, hierro y vitamina B6 as\u00ed como con la edad.<\/p>\n<p><em>Declaraciones saludables\u00a0(Reglamento UE N\u00ba 432\/2012):\u00a0La vitamina B12 contribuye al metabolismo energ\u00e9tico normal, al funcionamiento adecuado del\u00a0<strong>sistema inmunitario<\/strong>, del\u00a0<strong>sistema nervioso<\/strong>\u00a0y la correcta funci\u00f3n psicol\u00f3gica. Favorece la formaci\u00f3n normal de gl\u00f3bulos rojos, ayuda a disminuir el\u00a0<strong>cansancio<\/strong>\u00a0y la\u00a0<strong>fatiga<\/strong>\u00a0y\u00a0participa en el proceso de divisi\u00f3n celular. Contribuye al metabolismo normal de\u00a0<strong>homociste\u00edna,<\/strong>\u00a0un amino\u00e1cido relacionado con el bienestar\u00a0<strong>cardiovascular.<\/strong><\/em><\/p>\n<p>&nbsp;<\/p>\n<hr \/>\n<p>&nbsp;<\/p>\n<p><strong>Vegano, Ovolactovegetariano, Sin gluten, Sin l\u00e1cteos<\/strong><\/p>\n","protected":false},"excerpt":{"rendered":"<p><strong>Vitamina B12<\/strong>\u00a0es un complemento alimenticio que proporciona\u00a0<strong>500 mcg<\/strong>\u00a0de Vitamina B12. Su absorci\u00f3n disminuye en estados carenciales de calcio, hierro y vitamina B6 as\u00ed como con la edad.<\/p>\n<p><em>Declaraciones saludables\u00a0(Reglamento UE N\u00ba 432\/2012):\u00a0La vitamina B12 contribuye al metabolismo energ\u00e9tico normal, al funcionamiento adecuado del\u00a0<strong>sistema inmunitario<\/strong>, del\u00a0<strong>sistema nervioso<\/strong>\u00a0y la correcta funci\u00f3n psicol\u00f3gica. Favorece la formaci\u00f3n normal de gl\u00f3bulos rojos, ayuda a disminuir el\u00a0<strong>cansancio<\/strong>\u00a0y la\u00a0<strong>fatiga<\/strong>\u00a0y\u00a0participa en el proceso de divisi\u00f3n celular. Contribuye al metabolismo normal de\u00a0<strong>homociste\u00edna,<\/strong>\u00a0un amino\u00e1cido relacionado con el bienestar\u00a0<strong>cardiovascular.<\/strong><\/em><\/p>\n<p>&nbsp;<\/p>\n<hr \/>\n<p>&nbsp;<\/p>\n<p><strong>Vegano, Ovolactovegetariano, Sin gluten, Sin l\u00e1cteos<\/strong><\/p>\n","protected":false},"featured_media":8151,"comment_status":"open","ping_status":"closed","template":"","meta":{"_joinchat":[]},"product_brand":[],"product_cat":[126],"product_tag":[],"class_list":{"0":"post-8150","1":"product","2":"type-product","3":"status-publish","4":"has-post-thumbnail","6":"product_cat-suplementos-naturales","8":"first","9":"instock","10":"taxable","11":"shipping-taxable","12":"purchasable","13":"product-type-simple"},"_links":{"self":[{"href":"https:\/\/www.naturclic.com\/index.php?rest_route=\/wp\/v2\/product\/8150","targetHints":{"allow":["GET"]}}],"collection":[{"href":"https:\/\/www.naturclic.com\/index.php?rest_route=\/wp\/v2\/product"}],"about":[{"href":"https:\/\/www.naturclic.com\/index.php?rest_route=\/wp\/v2\/types\/product"}],"replies":[{"embeddable":true,"href":"https:\/\/www.naturclic.com\/index.php?rest_route=%2Fwp%2Fv2%2Fcomments&post=8150"}],"wp:featuredmedia":[{"embeddable":true,"href":"https:\/\/www.naturclic.com\/index.php?rest_route=\/wp\/v2\/media\/8151"}],"wp:attachment":[{"href":"https:\/\/www.naturclic.com\/index.php?rest_route=%2Fwp%2Fv2%2Fmedia&parent=8150"}],"wp:term":[{"taxonomy":"product_brand","embeddable":true,"href":"https:\/\/www.naturclic.com\/index.php?rest_route=%2Fwp%2Fv2%2Fproduct_brand&post=8150"},{"taxonomy":"product_cat","embeddable":true,"href":"https:\/\/www.naturclic.com\/index.php?rest_route=%2Fwp%2Fv2%2Fproduct_cat&post=8150"},{"taxonomy":"product_tag","embeddable":true,"href":"https:\/\/www.naturclic.com\/index.php?rest_route=%2Fwp%2Fv2%2Fproduct_tag&post=8150"}],"curies":[{"name":"wp","href":"https:\/\/api.w.org\/{rel}","templated":true}]}}