{"id":8159,"date":"2024-08-20T16:58:24","date_gmt":"2024-08-20T14:58:24","guid":{"rendered":"https:\/\/www.naturclic.com\/?post_type=product&#038;p=8159"},"modified":"2024-08-20T16:58:24","modified_gmt":"2024-08-20T14:58:24","slug":"vitamina-b5-sinergy-180cap-suravitasan","status":"publish","type":"product","link":"https:\/\/www.naturclic.com\/?product=vitamina-b5-sinergy-180cap-suravitasan","title":{"rendered":"Vitamina B5 Sinergy 180cap SuraVitasan"},"content":{"rendered":"<p><strong>Vitamina B5 Sinergy\u00a0<\/strong>es un complemento alimenticio a base de\u00a0<strong>D-pantoten\u00e1to c\u00e1lcico<\/strong>\u00a0(vitamina B5) y otros cofactores para asegurar una m\u00e1xima asimilaci\u00f3n.<\/p>\n<p>&nbsp;<\/p>\n<p><em><strong>DECLARACIONES SALUDABLES (Reglamento UE N\u00ba 432\/2012):<\/strong><\/em><\/p>\n<p><em>El \u00e1cido pantot\u00e9nico contribuye al metabolismo energ\u00e9tico normal; a la s\u00edntesis y al\u00a0<strong>metabolismo normal de las hormonas<\/strong>\u00a0esteroideas, la vitamina D y algunos\u00a0<strong>neurotransmisores<\/strong>; al rendimiento intelectual normal; y ayuda a disminuir el\u00a0<strong>cansancio<\/strong>\u00a0y la\u00a0<strong>fatiga<\/strong>.<\/em><\/p>\n<hr \/>\n<p><strong>Veganos, Ovolactoveganos, Sin gluten, Sin l\u00e1cteos<\/strong><\/p>\n","protected":false},"excerpt":{"rendered":"<p><strong>Vitamina B5 Sinergy\u00a0<\/strong>es un complemento alimenticio a base de\u00a0<strong>D-pantoten\u00e1to c\u00e1lcico<\/strong>\u00a0(vitamina B5) y otros cofactores para asegurar una m\u00e1xima asimilaci\u00f3n.<\/p>\n<p>&nbsp;<\/p>\n<p><em><strong>DECLARACIONES SALUDABLES (Reglamento UE N\u00ba 432\/2012):<\/strong><\/em><\/p>\n<p><em>El \u00e1cido pantot\u00e9nico contribuye al metabolismo energ\u00e9tico normal; a la s\u00edntesis y al\u00a0<strong>metabolismo normal de las hormonas<\/strong>\u00a0esteroideas, la vitamina D y algunos\u00a0<strong>neurotransmisores<\/strong>; al rendimiento intelectual normal; y ayuda a disminuir el\u00a0<strong>cansancio<\/strong>\u00a0y la\u00a0<strong>fatiga<\/strong>.<\/em><\/p>\n<hr \/>\n<p><strong>Veganos, Ovolactoveganos, Sin gluten, Sin l\u00e1cteos<\/strong><\/p>\n","protected":false},"featured_media":8160,"comment_status":"open","ping_status":"closed","template":"","meta":{"_joinchat":[]},"product_brand":[],"product_cat":[126],"product_tag":[],"class_list":{"0":"post-8159","1":"product","2":"type-product","3":"status-publish","4":"has-post-thumbnail","6":"product_cat-suplementos-naturales","8":"first","9":"instock","10":"taxable","11":"shipping-taxable","12":"purchasable","13":"product-type-simple"},"_links":{"self":[{"href":"https:\/\/www.naturclic.com\/index.php?rest_route=\/wp\/v2\/product\/8159","targetHints":{"allow":["GET"]}}],"collection":[{"href":"https:\/\/www.naturclic.com\/index.php?rest_route=\/wp\/v2\/product"}],"about":[{"href":"https:\/\/www.naturclic.com\/index.php?rest_route=\/wp\/v2\/types\/product"}],"replies":[{"embeddable":true,"href":"https:\/\/www.naturclic.com\/index.php?rest_route=%2Fwp%2Fv2%2Fcomments&post=8159"}],"wp:featuredmedia":[{"embeddable":true,"href":"https:\/\/www.naturclic.com\/index.php?rest_route=\/wp\/v2\/media\/8160"}],"wp:attachment":[{"href":"https:\/\/www.naturclic.com\/index.php?rest_route=%2Fwp%2Fv2%2Fmedia&parent=8159"}],"wp:term":[{"taxonomy":"product_brand","embeddable":true,"href":"https:\/\/www.naturclic.com\/index.php?rest_route=%2Fwp%2Fv2%2Fproduct_brand&post=8159"},{"taxonomy":"product_cat","embeddable":true,"href":"https:\/\/www.naturclic.com\/index.php?rest_route=%2Fwp%2Fv2%2Fproduct_cat&post=8159"},{"taxonomy":"product_tag","embeddable":true,"href":"https:\/\/www.naturclic.com\/index.php?rest_route=%2Fwp%2Fv2%2Fproduct_tag&post=8159"}],"curies":[{"name":"wp","href":"https:\/\/api.w.org\/{rel}","templated":true}]}}