{"id":8163,"date":"2024-08-20T17:01:59","date_gmt":"2024-08-20T15:01:59","guid":{"rendered":"https:\/\/www.naturclic.com\/?post_type=product&#038;p=8163"},"modified":"2024-08-20T17:01:59","modified_gmt":"2024-08-20T15:01:59","slug":"vitamina-c-l-ascorbato-calcico-150gramos-suravitasan","status":"publish","type":"product","link":"https:\/\/www.naturclic.com\/?product=vitamina-c-l-ascorbato-calcico-150gramos-suravitasan","title":{"rendered":"Vitamina C L-Ascorbato C\u00e1lcico 150gramos SuraVitasan"},"content":{"rendered":"<p>Vitamina C en forma de L-Ascorbato C\u00e1lcico 100% puro en polvo en forma de cristales. La vitamina C en cristales se disuelve f\u00e1cilmente en agua o zumo. La forma de ascorbato c\u00e1lcico de la vitamina C es una forma saeve para el est\u00f3mago<\/p>\n<p>&nbsp;<\/p>\n<p><em><strong>DECLARACIONES SALUDABLES (Reglamento UE N\u00ba 432\/2012):<\/strong><\/em><\/p>\n<p><em>La vitamina C contribuye a la formaci\u00f3n natural del col\u00e1geno para el funcionamiento normal de los vasos sangu\u00edneos, huesos, cart\u00edlagos, enc\u00edas, dientes y piel. Contribuye al metabolismo energ\u00e9tico adecuado y al funcionamiento normal del sistema nervioso y del sistema inmunitario. Ayuda a proteger las c\u00e9lulas frente al da\u00f1o oxidativo y a disminuir el cansancio y la fatiga as\u00ed como a mejorar la absorci\u00f3n del hierro.<\/em><\/p>\n","protected":false},"excerpt":{"rendered":"<p>Vitamina C en forma de L-Ascorbato C\u00e1lcico 100% puro en polvo en forma de cristales. La vitamina C en cristales se disuelve f\u00e1cilmente en agua o zumo. La forma de ascorbato c\u00e1lcico de la vitamina C es una forma saeve para el est\u00f3mago<\/p>\n<p>&nbsp;<\/p>\n<p><em><strong>DECLARACIONES SALUDABLES (Reglamento UE N\u00ba 432\/2012):<\/strong><\/em><\/p>\n<p><em>La vitamina C contribuye a la formaci\u00f3n natural del col\u00e1geno para el funcionamiento normal de los vasos sangu\u00edneos, huesos, cart\u00edlagos, enc\u00edas, dientes y piel. Contribuye al metabolismo energ\u00e9tico adecuado y al funcionamiento normal del sistema nervioso y del sistema inmunitario. Ayuda a proteger las c\u00e9lulas frente al da\u00f1o oxidativo y a disminuir el cansancio y la fatiga as\u00ed como a mejorar la absorci\u00f3n del hierro.<\/em><\/p>\n","protected":false},"featured_media":8164,"comment_status":"open","ping_status":"closed","template":"","meta":{"_joinchat":[]},"product_brand":[],"product_cat":[126],"product_tag":[],"class_list":{"0":"post-8163","1":"product","2":"type-product","3":"status-publish","4":"has-post-thumbnail","6":"product_cat-suplementos-naturales","8":"first","9":"instock","10":"taxable","11":"shipping-taxable","12":"purchasable","13":"product-type-simple"},"_links":{"self":[{"href":"https:\/\/www.naturclic.com\/index.php?rest_route=\/wp\/v2\/product\/8163","targetHints":{"allow":["GET"]}}],"collection":[{"href":"https:\/\/www.naturclic.com\/index.php?rest_route=\/wp\/v2\/product"}],"about":[{"href":"https:\/\/www.naturclic.com\/index.php?rest_route=\/wp\/v2\/types\/product"}],"replies":[{"embeddable":true,"href":"https:\/\/www.naturclic.com\/index.php?rest_route=%2Fwp%2Fv2%2Fcomments&post=8163"}],"wp:featuredmedia":[{"embeddable":true,"href":"https:\/\/www.naturclic.com\/index.php?rest_route=\/wp\/v2\/media\/8164"}],"wp:attachment":[{"href":"https:\/\/www.naturclic.com\/index.php?rest_route=%2Fwp%2Fv2%2Fmedia&parent=8163"}],"wp:term":[{"taxonomy":"product_brand","embeddable":true,"href":"https:\/\/www.naturclic.com\/index.php?rest_route=%2Fwp%2Fv2%2Fproduct_brand&post=8163"},{"taxonomy":"product_cat","embeddable":true,"href":"https:\/\/www.naturclic.com\/index.php?rest_route=%2Fwp%2Fv2%2Fproduct_cat&post=8163"},{"taxonomy":"product_tag","embeddable":true,"href":"https:\/\/www.naturclic.com\/index.php?rest_route=%2Fwp%2Fv2%2Fproduct_tag&post=8163"}],"curies":[{"name":"wp","href":"https:\/\/api.w.org\/{rel}","templated":true}]}}