{"id":8169,"date":"2024-08-20T17:15:59","date_gmt":"2024-08-20T15:15:59","guid":{"rendered":"https:\/\/www.naturclic.com\/?post_type=product&#038;p=8169"},"modified":"2024-08-20T17:15:59","modified_gmt":"2024-08-20T15:15:59","slug":"vitamina-d3-2-500-ui-60perlas-suravitasan","status":"publish","type":"product","link":"https:\/\/www.naturclic.com\/?product=vitamina-d3-2-500-ui-60perlas-suravitasan","title":{"rendered":"Vitamina D3 2.500 UI 60perlas SuraVitasan"},"content":{"rendered":"<p>Complemento alimenticio a base de Vitamina D3 (colecalciferol) aportando 62,5 mcg (2.500 UI) por gota.<\/p>\n<p><em>Declaraciones saludables\u00a0<\/em><em>(Reglamento UE N\u00ba 432\/2012):\u00a0<\/em><em>La Vitamina D3 contribuye a la absorci\u00f3n y utilizaci\u00f3n normal del calcio y el f\u00f3sforo. Ayuda a mantener niveles normales de\u00a0<strong>calcio<\/strong>\u00a0en sangre y contribuye al mantenimiento de los\u00a0<strong>huesos<\/strong>\u00a0y\u00a0<strong>dientes<\/strong>\u00a0en condiciones normales. Apoya el funcionamiento normal de los\u00a0<strong>m\u00fasculos y del sistema inmunitario<\/strong>\u00a0y contribuye al proceso de divisi\u00f3n celular.<\/em><\/p>\n<hr \/>\n<p><strong>Sin gluten, Sin l\u00e1cteos<\/strong><\/p>\n<p><strong>Origen animal: Vitamina D3 (lanolina oveja), gelatina bovina (perla)<\/strong><\/p>\n","protected":false},"excerpt":{"rendered":"<p>Complemento alimenticio a base de Vitamina D3 (colecalciferol) aportando 62,5 mcg (2.500 UI) por gota.<\/p>\n<p><em>Declaraciones saludables\u00a0<\/em><em>(Reglamento UE N\u00ba 432\/2012):\u00a0<\/em><em>La Vitamina D3 contribuye a la absorci\u00f3n y utilizaci\u00f3n normal del calcio y el f\u00f3sforo. Ayuda a mantener niveles normales de\u00a0<strong>calcio<\/strong>\u00a0en sangre y contribuye al mantenimiento de los\u00a0<strong>huesos<\/strong>\u00a0y\u00a0<strong>dientes<\/strong>\u00a0en condiciones normales. Apoya el funcionamiento normal de los\u00a0<strong>m\u00fasculos y del sistema inmunitario<\/strong>\u00a0y contribuye al proceso de divisi\u00f3n celular.<\/em><\/p>\n<hr \/>\n<p><strong>Sin gluten, Sin l\u00e1cteos<\/strong><\/p>\n<p><strong>Origen animal: Vitamina D3 (lanolina oveja), gelatina bovina (perla)<\/strong><\/p>\n","protected":false},"featured_media":8171,"comment_status":"open","ping_status":"closed","template":"","meta":{"_joinchat":[]},"product_brand":[],"product_cat":[126],"product_tag":[],"class_list":{"0":"post-8169","1":"product","2":"type-product","3":"status-publish","4":"has-post-thumbnail","6":"product_cat-suplementos-naturales","8":"first","9":"instock","10":"taxable","11":"shipping-taxable","12":"purchasable","13":"product-type-simple"},"_links":{"self":[{"href":"https:\/\/www.naturclic.com\/index.php?rest_route=\/wp\/v2\/product\/8169","targetHints":{"allow":["GET"]}}],"collection":[{"href":"https:\/\/www.naturclic.com\/index.php?rest_route=\/wp\/v2\/product"}],"about":[{"href":"https:\/\/www.naturclic.com\/index.php?rest_route=\/wp\/v2\/types\/product"}],"replies":[{"embeddable":true,"href":"https:\/\/www.naturclic.com\/index.php?rest_route=%2Fwp%2Fv2%2Fcomments&post=8169"}],"wp:featuredmedia":[{"embeddable":true,"href":"https:\/\/www.naturclic.com\/index.php?rest_route=\/wp\/v2\/media\/8171"}],"wp:attachment":[{"href":"https:\/\/www.naturclic.com\/index.php?rest_route=%2Fwp%2Fv2%2Fmedia&parent=8169"}],"wp:term":[{"taxonomy":"product_brand","embeddable":true,"href":"https:\/\/www.naturclic.com\/index.php?rest_route=%2Fwp%2Fv2%2Fproduct_brand&post=8169"},{"taxonomy":"product_cat","embeddable":true,"href":"https:\/\/www.naturclic.com\/index.php?rest_route=%2Fwp%2Fv2%2Fproduct_cat&post=8169"},{"taxonomy":"product_tag","embeddable":true,"href":"https:\/\/www.naturclic.com\/index.php?rest_route=%2Fwp%2Fv2%2Fproduct_tag&post=8169"}],"curies":[{"name":"wp","href":"https:\/\/api.w.org\/{rel}","templated":true}]}}