{"id":8174,"date":"2024-08-20T17:21:46","date_gmt":"2024-08-20T15:21:46","guid":{"rendered":"https:\/\/www.naturclic.com\/?post_type=product&#038;p=8174"},"modified":"2024-08-20T17:21:46","modified_gmt":"2024-08-20T15:21:46","slug":"vitamina-d3-2-500-ui-15ml-suravitasan","status":"publish","type":"product","link":"https:\/\/www.naturclic.com\/?product=vitamina-d3-2-500-ui-15ml-suravitasan","title":{"rendered":"Vitamina D3 2.500 UI 15ml SuraVitasan"},"content":{"rendered":"<p>Complemento alimenticio a base de Vitamina D3 (colecalciferol) aportando 62,5 mcg (2.500 UI) por gota.<\/p>\n<p><em><em id=\"juntar-linea\">Declaraciones saludables\u00a0<\/em><\/em><em>(Reglamento UE N\u00ba 432\/2012):\u00a0<\/em><em>La Vitamina D3 contribuye a la absorci\u00f3n y utilizaci\u00f3n normal del calcio y el f\u00f3sforo. Ayuda a mantener niveles normales de\u00a0<strong>calcio<\/strong>\u00a0en sangre y contribuye al mantenimiento de los\u00a0<strong>huesos<\/strong>\u00a0y\u00a0<strong>dientes<\/strong>\u00a0en condiciones normales. Apoya el funcionamiento normal de los\u00a0<strong>m\u00fasculos y del sistema inmunitario<\/strong>\u00a0y contribuye al proceso de divisi\u00f3n celular.<\/em><\/p>\n<hr \/>\n<p><strong>Ovolactovegetariano, Sin gluten, Sin l\u00e1cteos<\/strong><\/p>\n<p><strong>Origen animal: Vitamina D3 (lanolina oveja)<\/strong><\/p>\n","protected":false},"excerpt":{"rendered":"<p>Complemento alimenticio a base de Vitamina D3 (colecalciferol) aportando 62,5 mcg (2.500 UI) por gota.<\/p>\n<p><em><em id=\"juntar-linea\">Declaraciones saludables\u00a0<\/em><\/em><em>(Reglamento UE N\u00ba 432\/2012):\u00a0<\/em><em>La Vitamina D3 contribuye a la absorci\u00f3n y utilizaci\u00f3n normal del calcio y el f\u00f3sforo. Ayuda a mantener niveles normales de\u00a0<strong>calcio<\/strong>\u00a0en sangre y contribuye al mantenimiento de los\u00a0<strong>huesos<\/strong>\u00a0y\u00a0<strong>dientes<\/strong>\u00a0en condiciones normales. Apoya el funcionamiento normal de los\u00a0<strong>m\u00fasculos y del sistema inmunitario<\/strong>\u00a0y contribuye al proceso de divisi\u00f3n celular.<\/em><\/p>\n<hr \/>\n<p><strong>Ovolactovegetariano, Sin gluten, Sin l\u00e1cteos<\/strong><\/p>\n<p><strong>Origen animal: Vitamina D3 (lanolina oveja)<\/strong><\/p>\n","protected":false},"featured_media":8175,"comment_status":"open","ping_status":"closed","template":"","meta":{"_joinchat":[]},"product_brand":[],"product_cat":[126],"product_tag":[],"class_list":{"0":"post-8174","1":"product","2":"type-product","3":"status-publish","4":"has-post-thumbnail","6":"product_cat-suplementos-naturales","8":"first","9":"instock","10":"taxable","11":"shipping-taxable","12":"purchasable","13":"product-type-simple"},"_links":{"self":[{"href":"https:\/\/www.naturclic.com\/index.php?rest_route=\/wp\/v2\/product\/8174","targetHints":{"allow":["GET"]}}],"collection":[{"href":"https:\/\/www.naturclic.com\/index.php?rest_route=\/wp\/v2\/product"}],"about":[{"href":"https:\/\/www.naturclic.com\/index.php?rest_route=\/wp\/v2\/types\/product"}],"replies":[{"embeddable":true,"href":"https:\/\/www.naturclic.com\/index.php?rest_route=%2Fwp%2Fv2%2Fcomments&post=8174"}],"wp:featuredmedia":[{"embeddable":true,"href":"https:\/\/www.naturclic.com\/index.php?rest_route=\/wp\/v2\/media\/8175"}],"wp:attachment":[{"href":"https:\/\/www.naturclic.com\/index.php?rest_route=%2Fwp%2Fv2%2Fmedia&parent=8174"}],"wp:term":[{"taxonomy":"product_brand","embeddable":true,"href":"https:\/\/www.naturclic.com\/index.php?rest_route=%2Fwp%2Fv2%2Fproduct_brand&post=8174"},{"taxonomy":"product_cat","embeddable":true,"href":"https:\/\/www.naturclic.com\/index.php?rest_route=%2Fwp%2Fv2%2Fproduct_cat&post=8174"},{"taxonomy":"product_tag","embeddable":true,"href":"https:\/\/www.naturclic.com\/index.php?rest_route=%2Fwp%2Fv2%2Fproduct_tag&post=8174"}],"curies":[{"name":"wp","href":"https:\/\/api.w.org\/{rel}","templated":true}]}}