{"id":8193,"date":"2024-09-10T12:22:04","date_gmt":"2024-09-10T10:22:04","guid":{"rendered":"https:\/\/www.naturclic.com\/?post_type=product&#038;p=8193"},"modified":"2024-09-10T12:36:15","modified_gmt":"2024-09-10T10:36:15","slug":"sofocos-complex-hormonal-support-menopause-60-capsulas-spai-salut","status":"publish","type":"product","link":"https:\/\/www.naturclic.com\/?product=sofocos-complex-hormonal-support-menopause-60-capsulas-spai-salut","title":{"rendered":"Sofocos Complex Hormonal Support &#038; Menopause 60 c\u00e1psulas Spai Salut"},"content":{"rendered":"<p>INGREDIENTES POR DOSIS DIARIA<\/p>\n<p>Angelica Sinensis E.S (8:1, 1% lingustilidos) 240 mg, Cimic\u00edfuga E.S (15:1, 2,5% 160 mg, Tr\u00e9bol Rojo E.S (10:1, 8% gluc\u00f3sidos triterp\u00e9nicos) isoflavonas) 160 mg, Borraja E.S (10:1) 160 mg, Maca E.S (4:1) 140 mg, Vitamina E Acetato 16 mg (8 mg Vitamina E = 66,66%VRN), antiaglo-merante (c\u00e1scaras de arroz molidas) y Vitamina B6 2,8 mg (200%VRN).C\u00e1psula vegetal (hipromelosa).<\/p>\n<p>&nbsp;<\/p>\n<p>MODO DE EMPLEO:<\/p>\n<p>Tomar despu\u00e9s de una comida.<\/p>\n<p>CONTENIDO:<\/p>\n<p>60 c\u00e1psulas de 544,4 mg.<\/p>\n","protected":false},"excerpt":{"rendered":"<p>INGREDIENTES POR DOSIS DIARIA<\/p>\n<p>Angelica Sinensis E.S (8:1, 1% lingustilidos) 240 mg, Cimic\u00edfuga E.S (15:1, 2,5% 160 mg, Tr\u00e9bol Rojo E.S (10:1, 8% gluc\u00f3sidos triterp\u00e9nicos) isoflavonas) 160 mg, Borraja E.S (10:1) 160 mg, Maca E.S (4:1) 140 mg, Vitamina E Acetato 16 mg (8 mg Vitamina E = 66,66%VRN), antiaglo-merante (c\u00e1scaras de arroz molidas) y Vitamina B6 2,8 mg (200%VRN).C\u00e1psula vegetal (hipromelosa).<\/p>\n<p>&nbsp;<\/p>\n<p>MODO DE EMPLEO:<\/p>\n<p>Tomar despu\u00e9s de una comida.<\/p>\n<p>CONTENIDO:<\/p>\n<p>60 c\u00e1psulas de 544,4 mg.<\/p>\n","protected":false},"featured_media":8196,"comment_status":"open","ping_status":"closed","template":"","meta":{"_joinchat":[]},"product_brand":[],"product_cat":[15],"product_tag":[],"class_list":{"0":"post-8193","1":"product","2":"type-product","3":"status-publish","4":"has-post-thumbnail","6":"product_cat-sin-categorizar","8":"first","9":"instock","10":"taxable","11":"shipping-taxable","12":"purchasable","13":"product-type-simple"},"_links":{"self":[{"href":"https:\/\/www.naturclic.com\/index.php?rest_route=\/wp\/v2\/product\/8193","targetHints":{"allow":["GET"]}}],"collection":[{"href":"https:\/\/www.naturclic.com\/index.php?rest_route=\/wp\/v2\/product"}],"about":[{"href":"https:\/\/www.naturclic.com\/index.php?rest_route=\/wp\/v2\/types\/product"}],"replies":[{"embeddable":true,"href":"https:\/\/www.naturclic.com\/index.php?rest_route=%2Fwp%2Fv2%2Fcomments&post=8193"}],"wp:featuredmedia":[{"embeddable":true,"href":"https:\/\/www.naturclic.com\/index.php?rest_route=\/wp\/v2\/media\/8196"}],"wp:attachment":[{"href":"https:\/\/www.naturclic.com\/index.php?rest_route=%2Fwp%2Fv2%2Fmedia&parent=8193"}],"wp:term":[{"taxonomy":"product_brand","embeddable":true,"href":"https:\/\/www.naturclic.com\/index.php?rest_route=%2Fwp%2Fv2%2Fproduct_brand&post=8193"},{"taxonomy":"product_cat","embeddable":true,"href":"https:\/\/www.naturclic.com\/index.php?rest_route=%2Fwp%2Fv2%2Fproduct_cat&post=8193"},{"taxonomy":"product_tag","embeddable":true,"href":"https:\/\/www.naturclic.com\/index.php?rest_route=%2Fwp%2Fv2%2Fproduct_tag&post=8193"}],"curies":[{"name":"wp","href":"https:\/\/api.w.org\/{rel}","templated":true}]}}