{"id":8203,"date":"2024-09-13T11:04:49","date_gmt":"2024-09-13T09:04:49","guid":{"rendered":"https:\/\/www.naturclic.com\/?post_type=product&#038;p=8203"},"modified":"2024-09-13T11:04:49","modified_gmt":"2024-09-13T09:04:49","slug":"vitamina-b50-ultra-the-professional-range-60-capsulas","status":"publish","type":"product","link":"https:\/\/www.naturclic.com\/?product=vitamina-b50-ultra-the-professional-range-60-capsulas","title":{"rendered":"Vitamina B50 Ultra The Professional Range 60 c\u00e1psulas"},"content":{"rendered":"<p>INGREDIENTES POR DOSIS DIARIA<\/p>\n<p>(1 c\u00e1psula): Agente de carga (extracto de salvado de arroz), Colina bitartrato 50 mg, Inositol 50 mg, PABA 50 mg, Vitamina Bl 50 mg (4.546%VRN), Vitamina 82 50 mg (3.572%VRN), Vitamina B3 50 mg Vitamina B5 50 mg (833%VRN), Vitamina 86 50 mg (3.572%VRN), antiaglomerante (mezcla de extracto de arroz org\u00e1nico), \u00c1cido F\u00f3lico 400 gg (200%VRN), Biotina 50 ug (IOO%VRN) y Vitamina B12 50 ug (2.000%VRN). C\u00e1psula vegetal (hipromelosa).<\/p>\n<p>MODO DE EMPLEO:<\/p>\n<p>Tomar con la comida.<\/p>\n<p>CONTENIDO:<\/p>\n<p>60 c\u00e1psulas de 625 mg.<\/p>\n","protected":false},"excerpt":{"rendered":"<p>INGREDIENTES POR DOSIS DIARIA<\/p>\n<p>(1 c\u00e1psula): Agente de carga (extracto de salvado de arroz), Colina bitartrato 50 mg, Inositol 50 mg, PABA 50 mg, Vitamina Bl 50 mg (4.546%VRN), Vitamina 82 50 mg (3.572%VRN), Vitamina B3 50 mg Vitamina B5 50 mg (833%VRN), Vitamina 86 50 mg (3.572%VRN), antiaglomerante (mezcla de extracto de arroz org\u00e1nico), \u00c1cido F\u00f3lico 400 gg (200%VRN), Biotina 50 ug (IOO%VRN) y Vitamina B12 50 ug (2.000%VRN). C\u00e1psula vegetal (hipromelosa).<\/p>\n<p>MODO DE EMPLEO:<\/p>\n<p>Tomar con la comida.<\/p>\n<p>CONTENIDO:<\/p>\n<p>60 c\u00e1psulas de 625 mg.<\/p>\n","protected":false},"featured_media":8205,"comment_status":"open","ping_status":"closed","template":"","meta":{"_joinchat":[]},"product_brand":[],"product_cat":[126],"product_tag":[],"class_list":{"0":"post-8203","1":"product","2":"type-product","3":"status-publish","4":"has-post-thumbnail","6":"product_cat-suplementos-naturales","8":"first","9":"instock","10":"taxable","11":"shipping-taxable","12":"purchasable","13":"product-type-simple"},"_links":{"self":[{"href":"https:\/\/www.naturclic.com\/index.php?rest_route=\/wp\/v2\/product\/8203","targetHints":{"allow":["GET"]}}],"collection":[{"href":"https:\/\/www.naturclic.com\/index.php?rest_route=\/wp\/v2\/product"}],"about":[{"href":"https:\/\/www.naturclic.com\/index.php?rest_route=\/wp\/v2\/types\/product"}],"replies":[{"embeddable":true,"href":"https:\/\/www.naturclic.com\/index.php?rest_route=%2Fwp%2Fv2%2Fcomments&post=8203"}],"wp:featuredmedia":[{"embeddable":true,"href":"https:\/\/www.naturclic.com\/index.php?rest_route=\/wp\/v2\/media\/8205"}],"wp:attachment":[{"href":"https:\/\/www.naturclic.com\/index.php?rest_route=%2Fwp%2Fv2%2Fmedia&parent=8203"}],"wp:term":[{"taxonomy":"product_brand","embeddable":true,"href":"https:\/\/www.naturclic.com\/index.php?rest_route=%2Fwp%2Fv2%2Fproduct_brand&post=8203"},{"taxonomy":"product_cat","embeddable":true,"href":"https:\/\/www.naturclic.com\/index.php?rest_route=%2Fwp%2Fv2%2Fproduct_cat&post=8203"},{"taxonomy":"product_tag","embeddable":true,"href":"https:\/\/www.naturclic.com\/index.php?rest_route=%2Fwp%2Fv2%2Fproduct_tag&post=8203"}],"curies":[{"name":"wp","href":"https:\/\/api.w.org\/{rel}","templated":true}]}}