{"id":8214,"date":"2024-09-16T13:28:35","date_gmt":"2024-09-16T11:28:35","guid":{"rendered":"https:\/\/www.naturclic.com\/?post_type=product&#038;p=8214"},"modified":"2024-09-16T13:28:35","modified_gmt":"2024-09-16T11:28:35","slug":"bilis-uric-aid-advanced-formula-250ml-spai-salut","status":"publish","type":"product","link":"https:\/\/www.naturclic.com\/?product=bilis-uric-aid-advanced-formula-250ml-spai-salut","title":{"rendered":"Bilis &#038; Uric Aid Advanced formula 250ml. Spai Salut"},"content":{"rendered":"<p>INGREDIENTES POR DOSIS DIARIA<\/p>\n<p>(30 ml): Agua desmineralizada csp 30 ml, Fructosa, Parietaria E.F. 0,31 ml, Grama E.F. 0,31 mi, Fumaria E.F. 0,31 ml, Rompepiedras E.F. 0,31 ml, Zarzaparrilla E.S. (10:1, 10% polifeno-les) 0,08 mg, Diente de Le\u00f3n E.S. (11:1, 2% inulina) 0,08 mg, Ortiga verde E.S. (10:1, 1% s\u00edlica) 0,08 mg, Cola Caballo E.S. (5:1, 7% s\u00edlica) 0,08 mg, Desmodium E.S. (10:1) 0,08 mg, Meliloto E.S. (15:1, 1% cumarina) (\u00e1cido c\u00edtrico) acidulante 0,08 mg, Or\u00e9gano E.S. (5:1) 0,06 mg, conservante (antifermento).<\/p>\n<p>MODO DE EMPLEO:<\/p>\n<p>Tomar directamente o mezclar con agua o infusi\u00f3n; tambi\u00e9n se puede diluir en 1,5 L de agua y beberlo durante todo el d\u00eda. Agitar antes de usar.<\/p>\n<p>CONTENIDO:<\/p>\n<p>250 mi.<\/p>\n","protected":false},"excerpt":{"rendered":"<p>INGREDIENTES POR DOSIS DIARIA<\/p>\n<p>(30 ml): Agua desmineralizada csp 30 ml, Fructosa, Parietaria E.F. 0,31 ml, Grama E.F. 0,31 mi, Fumaria E.F. 0,31 ml, Rompepiedras E.F. 0,31 ml, Zarzaparrilla E.S. (10:1, 10% polifeno-les) 0,08 mg, Diente de Le\u00f3n E.S. (11:1, 2% inulina) 0,08 mg, Ortiga verde E.S. (10:1, 1% s\u00edlica) 0,08 mg, Cola Caballo E.S. (5:1, 7% s\u00edlica) 0,08 mg, Desmodium E.S. (10:1) 0,08 mg, Meliloto E.S. (15:1, 1% cumarina) (\u00e1cido c\u00edtrico) acidulante 0,08 mg, Or\u00e9gano E.S. (5:1) 0,06 mg, conservante (antifermento).<\/p>\n<p>MODO DE EMPLEO:<\/p>\n<p>Tomar directamente o mezclar con agua o infusi\u00f3n; tambi\u00e9n se puede diluir en 1,5 L de agua y beberlo durante todo el d\u00eda. Agitar antes de usar.<\/p>\n<p>CONTENIDO:<\/p>\n<p>250 mi.<\/p>\n","protected":false},"featured_media":8215,"comment_status":"open","ping_status":"closed","template":"","meta":{"_joinchat":[]},"product_brand":[],"product_cat":[126],"product_tag":[],"class_list":{"0":"post-8214","1":"product","2":"type-product","3":"status-publish","4":"has-post-thumbnail","6":"product_cat-suplementos-naturales","8":"first","9":"instock","10":"taxable","11":"shipping-taxable","12":"purchasable","13":"product-type-simple"},"_links":{"self":[{"href":"https:\/\/www.naturclic.com\/index.php?rest_route=\/wp\/v2\/product\/8214","targetHints":{"allow":["GET"]}}],"collection":[{"href":"https:\/\/www.naturclic.com\/index.php?rest_route=\/wp\/v2\/product"}],"about":[{"href":"https:\/\/www.naturclic.com\/index.php?rest_route=\/wp\/v2\/types\/product"}],"replies":[{"embeddable":true,"href":"https:\/\/www.naturclic.com\/index.php?rest_route=%2Fwp%2Fv2%2Fcomments&post=8214"}],"wp:featuredmedia":[{"embeddable":true,"href":"https:\/\/www.naturclic.com\/index.php?rest_route=\/wp\/v2\/media\/8215"}],"wp:attachment":[{"href":"https:\/\/www.naturclic.com\/index.php?rest_route=%2Fwp%2Fv2%2Fmedia&parent=8214"}],"wp:term":[{"taxonomy":"product_brand","embeddable":true,"href":"https:\/\/www.naturclic.com\/index.php?rest_route=%2Fwp%2Fv2%2Fproduct_brand&post=8214"},{"taxonomy":"product_cat","embeddable":true,"href":"https:\/\/www.naturclic.com\/index.php?rest_route=%2Fwp%2Fv2%2Fproduct_cat&post=8214"},{"taxonomy":"product_tag","embeddable":true,"href":"https:\/\/www.naturclic.com\/index.php?rest_route=%2Fwp%2Fv2%2Fproduct_tag&post=8214"}],"curies":[{"name":"wp","href":"https:\/\/api.w.org\/{rel}","templated":true}]}}