{"id":8219,"date":"2024-09-17T13:11:58","date_gmt":"2024-09-17T11:11:58","guid":{"rendered":"https:\/\/www.naturclic.com\/?post_type=product&#038;p=8219"},"modified":"2024-09-19T13:07:50","modified_gmt":"2024-09-19T11:07:50","slug":"cabello-unas-forte-urgency-effect-60-capsulas-spai-salut","status":"publish","type":"product","link":"https:\/\/www.naturclic.com\/?product=cabello-unas-forte-urgency-effect-60-capsulas-spai-salut","title":{"rendered":"Cabello &#038; U\u00f1as Forte Urgency Effect 60 c\u00e1psulas Spai Salut"},"content":{"rendered":"<p>INGREDIENTES POR DOSIS DIARIA:<\/p>\n<p>(2 c\u00e1psulas): Alfalfa e.s. (4:1) 400 mg, Levadura de Cerveza* 240 mg, Germen de Trigo* 240 mg, Alga Kelp 200 mg, L-Ciste\u00edna 200 mg, Vit. C 60 mg (75%VRN), agente de carga (extracto de salvado de arroz), antiaglomerante (c\u00e1scaras de arroz molidas), Vit. B3 16 mg (100%VRN), Zinc Gluconato 15 mg (1,95 mg de zinc [19,5%VRN]), Hierro Gluconato 14 mg, Vit. B5 6 mg (IOO%VRN), Vit. B2 1,4 mg (IOO%VRN), Vit. 86 1,4 mg (IOO%VRN), Vit. Bl 1,1 mg (IOO%VRN), Vit. A 800 ug (137,6 ug de Vit. A [17,2%VRN]), \u00c1cido F\u00f3lico 200 gg (100%VRN), Biotina 50 ug (IOO%VRN), Vit. B12 2,5 ug (IOO%VRN). C\u00e1psula vegetal (hipromelosa).<\/p>\n<p>MODO DE EMPLEO:<\/p>\n<p>Tomar despu\u00e9s de una comida.<br \/>\nCONTENIDO:<\/p>\n<p>60 c\u00e1psulas de 860 mg.<\/p>\n","protected":false},"excerpt":{"rendered":"<p>INGREDIENTES POR DOSIS DIARIA:<\/p>\n<p>(2 c\u00e1psulas): Alfalfa e.s. (4:1) 400 mg, Levadura de Cerveza* 240 mg, Germen de Trigo* 240 mg, Alga Kelp 200 mg, L-Ciste\u00edna 200 mg, Vit. C 60 mg (75%VRN), agente de carga (extracto de salvado de arroz), antiaglomerante (c\u00e1scaras de arroz molidas), Vit. B3 16 mg (100%VRN), Zinc Gluconato 15 mg (1,95 mg de zinc [19,5%VRN]), Hierro Gluconato 14 mg, Vit. B5 6 mg (IOO%VRN), Vit. B2 1,4 mg (IOO%VRN), Vit. 86 1,4 mg (IOO%VRN), Vit. Bl 1,1 mg (IOO%VRN), Vit. A 800 ug (137,6 ug de Vit. A [17,2%VRN]), \u00c1cido F\u00f3lico 200 gg (100%VRN), Biotina 50 ug (IOO%VRN), Vit. B12 2,5 ug (IOO%VRN). C\u00e1psula vegetal (hipromelosa).<\/p>\n<p>MODO DE EMPLEO:<\/p>\n<p>Tomar despu\u00e9s de una comida.<br \/>\nCONTENIDO:<\/p>\n<p>60 c\u00e1psulas de 860 mg.<\/p>\n","protected":false},"featured_media":8220,"comment_status":"open","ping_status":"closed","template":"","meta":{"_joinchat":[]},"product_brand":[],"product_cat":[126],"product_tag":[],"class_list":{"0":"post-8219","1":"product","2":"type-product","3":"status-publish","4":"has-post-thumbnail","6":"product_cat-suplementos-naturales","8":"first","9":"instock","10":"taxable","11":"shipping-taxable","12":"purchasable","13":"product-type-simple"},"_links":{"self":[{"href":"https:\/\/www.naturclic.com\/index.php?rest_route=\/wp\/v2\/product\/8219","targetHints":{"allow":["GET"]}}],"collection":[{"href":"https:\/\/www.naturclic.com\/index.php?rest_route=\/wp\/v2\/product"}],"about":[{"href":"https:\/\/www.naturclic.com\/index.php?rest_route=\/wp\/v2\/types\/product"}],"replies":[{"embeddable":true,"href":"https:\/\/www.naturclic.com\/index.php?rest_route=%2Fwp%2Fv2%2Fcomments&post=8219"}],"wp:featuredmedia":[{"embeddable":true,"href":"https:\/\/www.naturclic.com\/index.php?rest_route=\/wp\/v2\/media\/8220"}],"wp:attachment":[{"href":"https:\/\/www.naturclic.com\/index.php?rest_route=%2Fwp%2Fv2%2Fmedia&parent=8219"}],"wp:term":[{"taxonomy":"product_brand","embeddable":true,"href":"https:\/\/www.naturclic.com\/index.php?rest_route=%2Fwp%2Fv2%2Fproduct_brand&post=8219"},{"taxonomy":"product_cat","embeddable":true,"href":"https:\/\/www.naturclic.com\/index.php?rest_route=%2Fwp%2Fv2%2Fproduct_cat&post=8219"},{"taxonomy":"product_tag","embeddable":true,"href":"https:\/\/www.naturclic.com\/index.php?rest_route=%2Fwp%2Fv2%2Fproduct_tag&post=8219"}],"curies":[{"name":"wp","href":"https:\/\/api.w.org\/{rel}","templated":true}]}}