{"id":8225,"date":"2024-09-17T13:38:58","date_gmt":"2024-09-17T11:38:58","guid":{"rendered":"https:\/\/www.naturclic.com\/?post_type=product&#038;p=8225"},"modified":"2024-09-17T13:38:58","modified_gmt":"2024-09-17T11:38:58","slug":"calmacarun-suprarenal","status":"publish","type":"product","link":"https:\/\/www.naturclic.com\/?product=calmacarun-suprarenal","title":{"rendered":"CalmaCarun Suprarenal"},"content":{"rendered":"<p>INGREDIENTES POR DOSIS DIARIA<\/p>\n<p>(2 c\u00e1psulas): Hip\u00e9rico E.S (8:1, 0,3% hipericina) 250 mg, Lisado de Pescado* 200 mg, Valeriana E.S (4:1, 0,4% \u00e1cido valerenico) 160 mg, L-Tript\u00f3fano 100 mg, L-GIutamina 100 mg, Espliego E.S (4:1) 80 me, Melisa E.S (4:1, 2,5% \u00e1cido rosmar\u00ednl- co) 60 mg, Avena E.S** (10:1) 40 mg, antiaglomerante (c\u00e1scaras de arroz molidas), Vit. BI 0,9 mg, Vit. B6 0,12 mg, \u00c1cido F\u00f3lico 120 gg, Vit. D3 100 gg y Vit. B12 0,6 gg. Capsula vegetal (hipromelosa). Alergeno (derivado de pescado* y derivado de cereales con gluten**).<\/p>\n<p>&nbsp;<\/p>\n<p>MODO DE EMPLEO:<\/p>\n<p>Tomar con las comidas.<\/p>\n<p>&nbsp;<\/p>\n<p>CONTENIDO:<\/p>\n<p>60 c\u00e1psulas de 604 mg.<\/p>\n","protected":false},"excerpt":{"rendered":"<p>INGREDIENTES POR DOSIS DIARIA<\/p>\n<p>(2 c\u00e1psulas): Hip\u00e9rico E.S (8:1, 0,3% hipericina) 250 mg, Lisado de Pescado* 200 mg, Valeriana E.S (4:1, 0,4% \u00e1cido valerenico) 160 mg, L-Tript\u00f3fano 100 mg, L-GIutamina 100 mg, Espliego E.S (4:1) 80 me, Melisa E.S (4:1, 2,5% \u00e1cido rosmar\u00ednl- co) 60 mg, Avena E.S** (10:1) 40 mg, antiaglomerante (c\u00e1scaras de arroz molidas), Vit. BI 0,9 mg, Vit. B6 0,12 mg, \u00c1cido F\u00f3lico 120 gg, Vit. D3 100 gg y Vit. B12 0,6 gg. Capsula vegetal (hipromelosa). Alergeno (derivado de pescado* y derivado de cereales con gluten**).<\/p>\n<p>&nbsp;<\/p>\n<p>MODO DE EMPLEO:<\/p>\n<p>Tomar con las comidas.<\/p>\n<p>&nbsp;<\/p>\n<p>CONTENIDO:<\/p>\n<p>60 c\u00e1psulas de 604 mg.<\/p>\n","protected":false},"featured_media":8226,"comment_status":"open","ping_status":"closed","template":"","meta":{"_joinchat":[]},"product_brand":[],"product_cat":[126],"product_tag":[],"class_list":{"0":"post-8225","1":"product","2":"type-product","3":"status-publish","4":"has-post-thumbnail","6":"product_cat-suplementos-naturales","8":"first","9":"instock","10":"taxable","11":"shipping-taxable","12":"purchasable","13":"product-type-simple"},"_links":{"self":[{"href":"https:\/\/www.naturclic.com\/index.php?rest_route=\/wp\/v2\/product\/8225","targetHints":{"allow":["GET"]}}],"collection":[{"href":"https:\/\/www.naturclic.com\/index.php?rest_route=\/wp\/v2\/product"}],"about":[{"href":"https:\/\/www.naturclic.com\/index.php?rest_route=\/wp\/v2\/types\/product"}],"replies":[{"embeddable":true,"href":"https:\/\/www.naturclic.com\/index.php?rest_route=%2Fwp%2Fv2%2Fcomments&post=8225"}],"wp:featuredmedia":[{"embeddable":true,"href":"https:\/\/www.naturclic.com\/index.php?rest_route=\/wp\/v2\/media\/8226"}],"wp:attachment":[{"href":"https:\/\/www.naturclic.com\/index.php?rest_route=%2Fwp%2Fv2%2Fmedia&parent=8225"}],"wp:term":[{"taxonomy":"product_brand","embeddable":true,"href":"https:\/\/www.naturclic.com\/index.php?rest_route=%2Fwp%2Fv2%2Fproduct_brand&post=8225"},{"taxonomy":"product_cat","embeddable":true,"href":"https:\/\/www.naturclic.com\/index.php?rest_route=%2Fwp%2Fv2%2Fproduct_cat&post=8225"},{"taxonomy":"product_tag","embeddable":true,"href":"https:\/\/www.naturclic.com\/index.php?rest_route=%2Fwp%2Fv2%2Fproduct_tag&post=8225"}],"curies":[{"name":"wp","href":"https:\/\/api.w.org\/{rel}","templated":true}]}}