{"id":8233,"date":"2024-09-19T13:36:26","date_gmt":"2024-09-19T11:36:26","guid":{"rendered":"https:\/\/www.naturclic.com\/?post_type=product&#038;p=8233"},"modified":"2024-09-19T13:36:26","modified_gmt":"2024-09-19T11:36:26","slug":"memory-ultra-cognitive-adult-children-60-capsulas-spai-salut","status":"publish","type":"product","link":"https:\/\/www.naturclic.com\/?product=memory-ultra-cognitive-adult-children-60-capsulas-spai-salut","title":{"rendered":"Memory Ultra Cognitive Adult &#038; Children 60 c\u00e1psulas Spai Salut"},"content":{"rendered":"<p>INGREDIENTES:<\/p>\n<p>Lecitina de Soja [Neuroserine&#8217;] (20% fosfatidilserina, 20% fosfatidilcolina, 14% fosfatidiletanolamina, 13% fosfatidilnositol y 9% \u00e1cido fosf\u00e1tico), Citrato de magnesio, Bacopa E.S (10:1, 20% bac\u00f3sidos), L-Taurina, Ginkgo biloba E.S (40:1, 24% flavonas, 6% lactonas), Vitamina C, Gluconato de zinc, Vitamina B3 (nicotinami-da), antiaglomerantes (estearato de magnesio y di\u00f3xido de silicio), Vitamina B5 (D-pantotenato c\u00e1lcico), Vitamina 86 (piridoxina clorhidrato), Vitamina B2 (riboflavina), Vitamina BI (tiamina clorhidrato), Vitamina B9 (\u00e1cido F\u00f3lico), Biotina (vitamina H) y Vitamina B12 (cianocobalamina). C\u00e1psula vegetal (hipromelosa y di\u00f3xido de titanio).<\/p>\n<p>&nbsp;<\/p>\n<p>MODO DE EMPLEO:<\/p>\n<p>&#8211; Adultos: Tomar 2 c\u00e1psulas al d\u00eda, con las comidas.<br \/>\n&#8211; Ni\u00f1os (+12 a\u00f1os): Tomar I c\u00e1psula al d\u00eda, con Ia comida.<\/p>\n<p>&nbsp;<\/p>\n<p>CONTENIDO: 60 c\u00e1psulas de 784 mg.<\/p>\n","protected":false},"excerpt":{"rendered":"<p>INGREDIENTES:<\/p>\n<p>Lecitina de Soja [Neuroserine&#8217;] (20% fosfatidilserina, 20% fosfatidilcolina, 14% fosfatidiletanolamina, 13% fosfatidilnositol y 9% \u00e1cido fosf\u00e1tico), Citrato de magnesio, Bacopa E.S (10:1, 20% bac\u00f3sidos), L-Taurina, Ginkgo biloba E.S (40:1, 24% flavonas, 6% lactonas), Vitamina C, Gluconato de zinc, Vitamina B3 (nicotinami-da), antiaglomerantes (estearato de magnesio y di\u00f3xido de silicio), Vitamina B5 (D-pantotenato c\u00e1lcico), Vitamina 86 (piridoxina clorhidrato), Vitamina B2 (riboflavina), Vitamina BI (tiamina clorhidrato), Vitamina B9 (\u00e1cido F\u00f3lico), Biotina (vitamina H) y Vitamina B12 (cianocobalamina). C\u00e1psula vegetal (hipromelosa y di\u00f3xido de titanio).<\/p>\n<p>&nbsp;<\/p>\n<p>MODO DE EMPLEO:<\/p>\n<p>&#8211; Adultos: Tomar 2 c\u00e1psulas al d\u00eda, con las comidas.<br \/>\n&#8211; Ni\u00f1os (+12 a\u00f1os): Tomar I c\u00e1psula al d\u00eda, con Ia comida.<\/p>\n<p>&nbsp;<\/p>\n<p>CONTENIDO: 60 c\u00e1psulas de 784 mg.<\/p>\n","protected":false},"featured_media":8234,"comment_status":"open","ping_status":"closed","template":"","meta":{"_joinchat":[]},"product_brand":[],"product_cat":[126],"product_tag":[],"class_list":{"0":"post-8233","1":"product","2":"type-product","3":"status-publish","4":"has-post-thumbnail","6":"product_cat-suplementos-naturales","8":"first","9":"instock","10":"taxable","11":"shipping-taxable","12":"purchasable","13":"product-type-simple"},"_links":{"self":[{"href":"https:\/\/www.naturclic.com\/index.php?rest_route=\/wp\/v2\/product\/8233","targetHints":{"allow":["GET"]}}],"collection":[{"href":"https:\/\/www.naturclic.com\/index.php?rest_route=\/wp\/v2\/product"}],"about":[{"href":"https:\/\/www.naturclic.com\/index.php?rest_route=\/wp\/v2\/types\/product"}],"replies":[{"embeddable":true,"href":"https:\/\/www.naturclic.com\/index.php?rest_route=%2Fwp%2Fv2%2Fcomments&post=8233"}],"wp:featuredmedia":[{"embeddable":true,"href":"https:\/\/www.naturclic.com\/index.php?rest_route=\/wp\/v2\/media\/8234"}],"wp:attachment":[{"href":"https:\/\/www.naturclic.com\/index.php?rest_route=%2Fwp%2Fv2%2Fmedia&parent=8233"}],"wp:term":[{"taxonomy":"product_brand","embeddable":true,"href":"https:\/\/www.naturclic.com\/index.php?rest_route=%2Fwp%2Fv2%2Fproduct_brand&post=8233"},{"taxonomy":"product_cat","embeddable":true,"href":"https:\/\/www.naturclic.com\/index.php?rest_route=%2Fwp%2Fv2%2Fproduct_cat&post=8233"},{"taxonomy":"product_tag","embeddable":true,"href":"https:\/\/www.naturclic.com\/index.php?rest_route=%2Fwp%2Fv2%2Fproduct_tag&post=8233"}],"curies":[{"name":"wp","href":"https:\/\/api.w.org\/{rel}","templated":true}]}}