{"id":8238,"date":"2024-09-20T13:03:07","date_gmt":"2024-09-20T11:03:07","guid":{"rendered":"https:\/\/www.naturclic.com\/?post_type=product&#038;p=8238"},"modified":"2024-09-20T13:31:55","modified_gmt":"2024-09-20T11:31:55","slug":"vitarclic-cleanse-kyolic-105-90-capsulas-vitae","status":"publish","type":"product","link":"https:\/\/www.naturclic.com\/?product=vitarclic-cleanse-kyolic-105-90-capsulas-vitae","title":{"rendered":"Vitarclic Cleanse (Kyolic 105) 90 c\u00e1psulas Vitae"},"content":{"rendered":"<p>Composici\u00f3n:<br \/>\nExtracto de ajo a\u00f1ejado, antiaglomerante (celulosa microcristalina), c\u00e1psula (gelatina), t\u00e9 verde polvo hojas (Camellia sinensis), extracto de cardo mariano (Silybum marianum) (con 80% silimarina), vitamina C (como Ascorbato c\u00e1lcico), Glutation, vitamina E (como Tocoferilsuccinato), antiaglomerantes (di\u00f3xido de silicio, estearato de magnesio), extracto de corteza de pino (Pinus spp (Proantocianidina 95%), extracto de semilla de uva (Vitis vinifera) (Proantocianidina 95%), polvo de Beta caroteno (10% Vitamina A), selenio (como L Seleniometionina).<\/p>\n<p>Modo de empleo:<br \/>\nTomar 3 c\u00e1psulas al d\u00eda. Se recomienda su toma con las comidas<\/p>\n<p>Presentaci\u00f3n:<br \/>\nEnvase de 90 c\u00e1psulas <\/p>\n","protected":false},"excerpt":{"rendered":"<p>Composici\u00f3n:<br \/>\nExtracto de ajo a\u00f1ejado, antiaglomerante (celulosa microcristalina), c\u00e1psula (gelatina), t\u00e9 verde polvo hojas (Camellia sinensis), extracto de cardo mariano (Silybum marianum) (con 80% silimarina), vitamina C (como Ascorbato c\u00e1lcico), Glutation, vitamina E (como Tocoferilsuccinato), antiaglomerantes (di\u00f3xido de silicio, estearato de magnesio), extracto de corteza de pino (Pinus spp (Proantocianidina 95%), extracto de semilla de uva (Vitis vinifera) (Proantocianidina 95%), polvo de Beta caroteno (10% Vitamina A), selenio (como L Seleniometionina).<\/p>\n<p>Modo de empleo:<br \/>\nTomar 3 c\u00e1psulas al d\u00eda. Se recomienda su toma con las comidas<\/p>\n<p>Presentaci\u00f3n:<br \/>\nEnvase de 90 c\u00e1psulas <\/p>\n","protected":false},"featured_media":8239,"comment_status":"open","ping_status":"closed","template":"","meta":{"_joinchat":[]},"product_brand":[],"product_cat":[126],"product_tag":[],"class_list":{"0":"post-8238","1":"product","2":"type-product","3":"status-publish","4":"has-post-thumbnail","6":"product_cat-suplementos-naturales","8":"first","9":"instock","10":"taxable","11":"shipping-taxable","12":"purchasable","13":"product-type-simple"},"_links":{"self":[{"href":"https:\/\/www.naturclic.com\/index.php?rest_route=\/wp\/v2\/product\/8238","targetHints":{"allow":["GET"]}}],"collection":[{"href":"https:\/\/www.naturclic.com\/index.php?rest_route=\/wp\/v2\/product"}],"about":[{"href":"https:\/\/www.naturclic.com\/index.php?rest_route=\/wp\/v2\/types\/product"}],"replies":[{"embeddable":true,"href":"https:\/\/www.naturclic.com\/index.php?rest_route=%2Fwp%2Fv2%2Fcomments&post=8238"}],"wp:featuredmedia":[{"embeddable":true,"href":"https:\/\/www.naturclic.com\/index.php?rest_route=\/wp\/v2\/media\/8239"}],"wp:attachment":[{"href":"https:\/\/www.naturclic.com\/index.php?rest_route=%2Fwp%2Fv2%2Fmedia&parent=8238"}],"wp:term":[{"taxonomy":"product_brand","embeddable":true,"href":"https:\/\/www.naturclic.com\/index.php?rest_route=%2Fwp%2Fv2%2Fproduct_brand&post=8238"},{"taxonomy":"product_cat","embeddable":true,"href":"https:\/\/www.naturclic.com\/index.php?rest_route=%2Fwp%2Fv2%2Fproduct_cat&post=8238"},{"taxonomy":"product_tag","embeddable":true,"href":"https:\/\/www.naturclic.com\/index.php?rest_route=%2Fwp%2Fv2%2Fproduct_tag&post=8238"}],"curies":[{"name":"wp","href":"https:\/\/api.w.org\/{rel}","templated":true}]}}