{"id":8242,"date":"2024-09-20T13:20:16","date_gmt":"2024-09-20T11:20:16","guid":{"rendered":"https:\/\/www.naturclic.com\/?post_type=product&#038;p=8242"},"modified":"2024-09-20T13:20:16","modified_gmt":"2024-09-20T11:20:16","slug":"liver-advanced-colon-movement-metabolic-aid-60-capsulas","status":"publish","type":"product","link":"https:\/\/www.naturclic.com\/?product=liver-advanced-colon-movement-metabolic-aid-60-capsulas","title":{"rendered":"Liver Advanced Colon Movement Metabolic Aid 60 c\u00e1psulas"},"content":{"rendered":"<p>INGREDIENTES POR DOSIS DIARIA<\/p>\n<p>(6 c\u00e1psulas):<br \/>\nAlcachofa polvo 1.092 mg, Diente de Le\u00f3n polvo 780 mg, Boldo polvo 312 mg, Cardo Mariano polvo 96 mg, Fr\u00e1ngula E.S. (5:1, 7% glucofranguli-na) 60 mg, antiaglomerante (c\u00e1scaras de arroz molidas), Cayena polvo 18 mg. C\u00e1psula vegetal (hipromelosa).<\/p>\n<p>&nbsp;<\/p>\n<p>MODO DE EMPLEO:<\/p>\n<p>Tomar 2 c\u00e1psulas despu\u00e9s de cada comida.<\/p>\n<p>&nbsp;<\/p>\n<p>CONTENIDO:<\/p>\n<p>60 c\u00e1psulas de 500 mg.<\/p>\n","protected":false},"excerpt":{"rendered":"<p>INGREDIENTES POR DOSIS DIARIA<\/p>\n<p>(6 c\u00e1psulas):<br \/>\nAlcachofa polvo 1.092 mg, Diente de Le\u00f3n polvo 780 mg, Boldo polvo 312 mg, Cardo Mariano polvo 96 mg, Fr\u00e1ngula E.S. (5:1, 7% glucofranguli-na) 60 mg, antiaglomerante (c\u00e1scaras de arroz molidas), Cayena polvo 18 mg. C\u00e1psula vegetal (hipromelosa).<\/p>\n<p>&nbsp;<\/p>\n<p>MODO DE EMPLEO:<\/p>\n<p>Tomar 2 c\u00e1psulas despu\u00e9s de cada comida.<\/p>\n<p>&nbsp;<\/p>\n<p>CONTENIDO:<\/p>\n<p>60 c\u00e1psulas de 500 mg.<\/p>\n","protected":false},"featured_media":8243,"comment_status":"open","ping_status":"closed","template":"","meta":{"_joinchat":[]},"product_brand":[],"product_cat":[126],"product_tag":[],"class_list":{"0":"post-8242","1":"product","2":"type-product","3":"status-publish","4":"has-post-thumbnail","6":"product_cat-suplementos-naturales","8":"first","9":"instock","10":"taxable","11":"shipping-taxable","12":"purchasable","13":"product-type-simple"},"_links":{"self":[{"href":"https:\/\/www.naturclic.com\/index.php?rest_route=\/wp\/v2\/product\/8242","targetHints":{"allow":["GET"]}}],"collection":[{"href":"https:\/\/www.naturclic.com\/index.php?rest_route=\/wp\/v2\/product"}],"about":[{"href":"https:\/\/www.naturclic.com\/index.php?rest_route=\/wp\/v2\/types\/product"}],"replies":[{"embeddable":true,"href":"https:\/\/www.naturclic.com\/index.php?rest_route=%2Fwp%2Fv2%2Fcomments&post=8242"}],"wp:featuredmedia":[{"embeddable":true,"href":"https:\/\/www.naturclic.com\/index.php?rest_route=\/wp\/v2\/media\/8243"}],"wp:attachment":[{"href":"https:\/\/www.naturclic.com\/index.php?rest_route=%2Fwp%2Fv2%2Fmedia&parent=8242"}],"wp:term":[{"taxonomy":"product_brand","embeddable":true,"href":"https:\/\/www.naturclic.com\/index.php?rest_route=%2Fwp%2Fv2%2Fproduct_brand&post=8242"},{"taxonomy":"product_cat","embeddable":true,"href":"https:\/\/www.naturclic.com\/index.php?rest_route=%2Fwp%2Fv2%2Fproduct_cat&post=8242"},{"taxonomy":"product_tag","embeddable":true,"href":"https:\/\/www.naturclic.com\/index.php?rest_route=%2Fwp%2Fv2%2Fproduct_tag&post=8242"}],"curies":[{"name":"wp","href":"https:\/\/api.w.org\/{rel}","templated":true}]}}