{"id":8246,"date":"2024-09-20T13:30:51","date_gmt":"2024-09-20T11:30:51","guid":{"rendered":"https:\/\/www.naturclic.com\/?post_type=product&#038;p=8246"},"modified":"2024-09-20T13:30:51","modified_gmt":"2024-09-20T11:30:51","slug":"tribulus-terrestris-forte-sex-up-90-capsulas-spai-salut","status":"publish","type":"product","link":"https:\/\/www.naturclic.com\/?product=tribulus-terrestris-forte-sex-up-90-capsulas-spai-salut","title":{"rendered":"Tribulus Terrestris Forte Sex Up 90 c\u00e1psulas Spai Salut"},"content":{"rendered":"<p>INGREDIENTES POR DOSIS DIARIA<br \/>\n(2 c\u00e1psulas):<br \/>\nTribulus Terrestris e.s. (15:1, 90% saponinas) 1.000 mg, \u00d3xido de Magnesio 233,56 mg, Gluconato de Zinc 64,6 mg, antiaglomerante (c\u00e1scaras de arroz molidas) y Vitamina B6 1,4 mg. C\u00e1psula vegetal (hipromelosa).<\/p>\n<p>MODO DE EMPLEO:<\/p>\n<p>Tomar con la comida.<\/p>\n<p>&nbsp;<\/p>\n<p>CONTENIDO:<\/p>\n<p>90 c\u00e1psulas de 785,78 mg.<\/p>\n","protected":false},"excerpt":{"rendered":"<p>INGREDIENTES POR DOSIS DIARIA<br \/>\n(2 c\u00e1psulas):<br \/>\nTribulus Terrestris e.s. (15:1, 90% saponinas) 1.000 mg, \u00d3xido de Magnesio 233,56 mg, Gluconato de Zinc 64,6 mg, antiaglomerante (c\u00e1scaras de arroz molidas) y Vitamina B6 1,4 mg. C\u00e1psula vegetal (hipromelosa).<\/p>\n<p>MODO DE EMPLEO:<\/p>\n<p>Tomar con la comida.<\/p>\n<p>&nbsp;<\/p>\n<p>CONTENIDO:<\/p>\n<p>90 c\u00e1psulas de 785,78 mg.<\/p>\n","protected":false},"featured_media":8247,"comment_status":"open","ping_status":"closed","template":"","meta":{"_joinchat":[]},"product_brand":[],"product_cat":[126],"product_tag":[],"class_list":{"0":"post-8246","1":"product","2":"type-product","3":"status-publish","4":"has-post-thumbnail","6":"product_cat-suplementos-naturales","8":"first","9":"instock","10":"taxable","11":"shipping-taxable","12":"purchasable","13":"product-type-simple"},"_links":{"self":[{"href":"https:\/\/www.naturclic.com\/index.php?rest_route=\/wp\/v2\/product\/8246","targetHints":{"allow":["GET"]}}],"collection":[{"href":"https:\/\/www.naturclic.com\/index.php?rest_route=\/wp\/v2\/product"}],"about":[{"href":"https:\/\/www.naturclic.com\/index.php?rest_route=\/wp\/v2\/types\/product"}],"replies":[{"embeddable":true,"href":"https:\/\/www.naturclic.com\/index.php?rest_route=%2Fwp%2Fv2%2Fcomments&post=8246"}],"wp:featuredmedia":[{"embeddable":true,"href":"https:\/\/www.naturclic.com\/index.php?rest_route=\/wp\/v2\/media\/8247"}],"wp:attachment":[{"href":"https:\/\/www.naturclic.com\/index.php?rest_route=%2Fwp%2Fv2%2Fmedia&parent=8246"}],"wp:term":[{"taxonomy":"product_brand","embeddable":true,"href":"https:\/\/www.naturclic.com\/index.php?rest_route=%2Fwp%2Fv2%2Fproduct_brand&post=8246"},{"taxonomy":"product_cat","embeddable":true,"href":"https:\/\/www.naturclic.com\/index.php?rest_route=%2Fwp%2Fv2%2Fproduct_cat&post=8246"},{"taxonomy":"product_tag","embeddable":true,"href":"https:\/\/www.naturclic.com\/index.php?rest_route=%2Fwp%2Fv2%2Fproduct_tag&post=8246"}],"curies":[{"name":"wp","href":"https:\/\/api.w.org\/{rel}","templated":true}]}}