{"id":8248,"date":"2024-09-23T13:11:34","date_gmt":"2024-09-23T11:11:34","guid":{"rendered":"https:\/\/www.naturclic.com\/?post_type=product&#038;p=8248"},"modified":"2024-09-23T13:11:34","modified_gmt":"2024-09-23T11:11:34","slug":"selenium-advanced-antioxidants-metabolic-30-capsulas-spai-salut","status":"publish","type":"product","link":"https:\/\/www.naturclic.com\/?product=selenium-advanced-antioxidants-metabolic-30-capsulas-spai-salut","title":{"rendered":"Selenium &#038; advanced antioxidants Metabolic 30 c\u00e1psulas Spai Salut"},"content":{"rendered":"<p>INGREDIENTES POR DOSIS DIARIA<\/p>\n<p>(1 c\u00e1psula):<\/p>\n<p>Polygonum Cuspidatum E.S. (25% resveratrol) 200 mg, Granada E.S. (20:1, 40% \u00e1cido el\u00e1gico) 200 mg, Corteza de pino E.S. (20:1, 95% proantocianidinas) 75 mg, Levadura de Selenio 13,5 mg y antiaglomeran- te (estearato de magnesio). C\u00e1psula vegetal (hipromelosa y di\u00f3xido de titanio).<\/p>\n<p>&nbsp;<\/p>\n<p>&nbsp;<\/p>\n<p>MODO DE EMPLEO:<\/p>\n<p>Tomar 1 c\u00e1psula al d\u00eda, despu\u00e9s de la comida.<br \/>\n&nbsp;<\/p>\n<p>CONTENIDO:<\/p>\n<p>30 c\u00e1psulas de 593,5 mg.<\/p>\n","protected":false},"excerpt":{"rendered":"<p>INGREDIENTES POR DOSIS DIARIA<\/p>\n<p>(1 c\u00e1psula):<\/p>\n<p>Polygonum Cuspidatum E.S. (25% resveratrol) 200 mg, Granada E.S. (20:1, 40% \u00e1cido el\u00e1gico) 200 mg, Corteza de pino E.S. (20:1, 95% proantocianidinas) 75 mg, Levadura de Selenio 13,5 mg y antiaglomeran- te (estearato de magnesio). C\u00e1psula vegetal (hipromelosa y di\u00f3xido de titanio).<\/p>\n<p>&nbsp;<\/p>\n<p>&nbsp;<\/p>\n<p>MODO DE EMPLEO:<\/p>\n<p>Tomar 1 c\u00e1psula al d\u00eda, despu\u00e9s de la comida.<br \/>\n&nbsp;<\/p>\n<p>CONTENIDO:<\/p>\n<p>30 c\u00e1psulas de 593,5 mg.<\/p>\n","protected":false},"featured_media":8249,"comment_status":"open","ping_status":"closed","template":"","meta":{"_joinchat":[]},"product_brand":[],"product_cat":[126],"product_tag":[],"class_list":{"0":"post-8248","1":"product","2":"type-product","3":"status-publish","4":"has-post-thumbnail","6":"product_cat-suplementos-naturales","8":"first","9":"instock","10":"taxable","11":"shipping-taxable","12":"purchasable","13":"product-type-simple"},"_links":{"self":[{"href":"https:\/\/www.naturclic.com\/index.php?rest_route=\/wp\/v2\/product\/8248","targetHints":{"allow":["GET"]}}],"collection":[{"href":"https:\/\/www.naturclic.com\/index.php?rest_route=\/wp\/v2\/product"}],"about":[{"href":"https:\/\/www.naturclic.com\/index.php?rest_route=\/wp\/v2\/types\/product"}],"replies":[{"embeddable":true,"href":"https:\/\/www.naturclic.com\/index.php?rest_route=%2Fwp%2Fv2%2Fcomments&post=8248"}],"wp:featuredmedia":[{"embeddable":true,"href":"https:\/\/www.naturclic.com\/index.php?rest_route=\/wp\/v2\/media\/8249"}],"wp:attachment":[{"href":"https:\/\/www.naturclic.com\/index.php?rest_route=%2Fwp%2Fv2%2Fmedia&parent=8248"}],"wp:term":[{"taxonomy":"product_brand","embeddable":true,"href":"https:\/\/www.naturclic.com\/index.php?rest_route=%2Fwp%2Fv2%2Fproduct_brand&post=8248"},{"taxonomy":"product_cat","embeddable":true,"href":"https:\/\/www.naturclic.com\/index.php?rest_route=%2Fwp%2Fv2%2Fproduct_cat&post=8248"},{"taxonomy":"product_tag","embeddable":true,"href":"https:\/\/www.naturclic.com\/index.php?rest_route=%2Fwp%2Fv2%2Fproduct_tag&post=8248"}],"curies":[{"name":"wp","href":"https:\/\/api.w.org\/{rel}","templated":true}]}}