{"id":8321,"date":"2025-11-18T23:20:48","date_gmt":"2025-11-18T22:20:48","guid":{"rendered":"https:\/\/www.naturclic.com\/?post_type=product&#038;p=8321"},"modified":"2025-11-18T23:24:15","modified_gmt":"2025-11-18T22:24:15","slug":"cartucho-recambio-wellisair-2","status":"publish","type":"product","link":"https:\/\/www.naturclic.com\/?product=cartucho-recambio-wellisair-2","title":{"rendered":"2 Cartuchos Recambio Wellisair oficial WADU02"},"content":{"rendered":"<p>El producto consiste en un dep\u00f3sito con soluci\u00f3n d-limoneno y mecha para evaporaci\u00f3n.<\/p>\n<p>Una vez instalado en el dispositivo Wellisair, permite una autonom\u00eda de funcionamiento de 3 meses.<\/p>\n<p>Recambio desinfectante contiene:<\/p>\n<ul>\n<li>&nbsp;&nbsp;&nbsp; Cartucho de terpeno para Welliair para 3 meses<\/li>\n<li>&nbsp;&nbsp;&nbsp; Indicaciones de seguridad del liquido<\/li>\n<li>PVP RECOMENDADO OFICIAL POR RECAMBIO 35\u20ac<\/li>\n<\/ul>\n","protected":false},"excerpt":{"rendered":"<p>El producto consiste en un dep\u00f3sito con soluci\u00f3n d-limoneno y mecha para evaporaci\u00f3n.<\/p>\n<p>Una vez instalado en el dispositivo Wellisair, permite una autonom\u00eda de funcionamiento de 3 meses.<\/p>\n<p>Recambio desinfectante contiene:<\/p>\n<ul>\n<li>\u00a0Cartucho de terpeno para Welliair para 3 meses<\/li>\n<\/ul>\n","protected":false},"featured_media":8323,"comment_status":"open","ping_status":"closed","template":"","meta":{"_joinchat":[]},"product_brand":[],"product_cat":[234],"product_tag":[],"class_list":{"0":"post-8321","1":"product","2":"type-product","3":"status-publish","4":"has-post-thumbnail","6":"product_cat-tecnologia-saludable","8":"first","9":"instock","10":"sale","11":"taxable","12":"shipping-taxable","13":"purchasable","14":"product-type-simple"},"_links":{"self":[{"href":"https:\/\/www.naturclic.com\/index.php?rest_route=\/wp\/v2\/product\/8321","targetHints":{"allow":["GET"]}}],"collection":[{"href":"https:\/\/www.naturclic.com\/index.php?rest_route=\/wp\/v2\/product"}],"about":[{"href":"https:\/\/www.naturclic.com\/index.php?rest_route=\/wp\/v2\/types\/product"}],"replies":[{"embeddable":true,"href":"https:\/\/www.naturclic.com\/index.php?rest_route=%2Fwp%2Fv2%2Fcomments&post=8321"}],"wp:featuredmedia":[{"embeddable":true,"href":"https:\/\/www.naturclic.com\/index.php?rest_route=\/wp\/v2\/media\/8323"}],"wp:attachment":[{"href":"https:\/\/www.naturclic.com\/index.php?rest_route=%2Fwp%2Fv2%2Fmedia&parent=8321"}],"wp:term":[{"taxonomy":"product_brand","embeddable":true,"href":"https:\/\/www.naturclic.com\/index.php?rest_route=%2Fwp%2Fv2%2Fproduct_brand&post=8321"},{"taxonomy":"product_cat","embeddable":true,"href":"https:\/\/www.naturclic.com\/index.php?rest_route=%2Fwp%2Fv2%2Fproduct_cat&post=8321"},{"taxonomy":"product_tag","embeddable":true,"href":"https:\/\/www.naturclic.com\/index.php?rest_route=%2Fwp%2Fv2%2Fproduct_tag&post=8321"}],"curies":[{"name":"wp","href":"https:\/\/api.w.org\/{rel}","templated":true}]}}