{"id":8329,"date":"2025-11-19T22:38:37","date_gmt":"2025-11-19T21:38:37","guid":{"rendered":"https:\/\/www.naturclic.com\/?product=mito-atp-90c-suravitasan"},"modified":"2025-11-19T22:57:59","modified_gmt":"2025-11-19T21:57:59","slug":"mito-atp-90c-suravitasan","status":"publish","type":"product","link":"https:\/\/www.naturclic.com\/?product=mito-atp-90c-suravitasan","title":{"rendered":"Mito-ATP 90c SuraVitasan"},"content":{"rendered":"<p><span>Mito-ATP es un complemento alimenticio a base de acetil L-carnitina, quercetina, extracto de semilla de uva, resveratrol, nicotinamida rib\u00f3sido (precursor del NAD+), tiamina (vitamina B1) y coenzima Q10 (emulsionada para una mejor absorci\u00f3n), ingredientes de la m\u00e1s alta calidad y eficacia para un soporte mitocondrial \u00f3ptimo.<\/span><\/p>\n","protected":false},"excerpt":{"rendered":"<p>Mito-ATP es un complemento alimenticio a base de acetil L-carnitina, quercetina, extracto de semilla de uva, resveratrol, nicotinamida rib\u00f3sido (precursor del NAD+), tiamina (vitamina B1) y coenzima Q10 (emulsionada para una mejor absorci\u00f3n), ingredientes de la m\u00e1s alta calidad y eficacia para un soporte mitocondrial \u00f3ptimo.<\/p>\n","protected":false},"featured_media":8328,"comment_status":"open","ping_status":"closed","template":"","meta":{"_joinchat":[]},"product_brand":[],"product_cat":[15],"product_tag":[],"class_list":{"0":"post-8329","1":"product","2":"type-product","3":"status-publish","4":"has-post-thumbnail","6":"product_cat-sin-categorizar","8":"first","9":"instock","10":"taxable","11":"shipping-taxable","12":"purchasable","13":"product-type-simple"},"_links":{"self":[{"href":"https:\/\/www.naturclic.com\/index.php?rest_route=\/wp\/v2\/product\/8329","targetHints":{"allow":["GET"]}}],"collection":[{"href":"https:\/\/www.naturclic.com\/index.php?rest_route=\/wp\/v2\/product"}],"about":[{"href":"https:\/\/www.naturclic.com\/index.php?rest_route=\/wp\/v2\/types\/product"}],"replies":[{"embeddable":true,"href":"https:\/\/www.naturclic.com\/index.php?rest_route=%2Fwp%2Fv2%2Fcomments&post=8329"}],"wp:featuredmedia":[{"embeddable":true,"href":"https:\/\/www.naturclic.com\/index.php?rest_route=\/wp\/v2\/media\/8328"}],"wp:attachment":[{"href":"https:\/\/www.naturclic.com\/index.php?rest_route=%2Fwp%2Fv2%2Fmedia&parent=8329"}],"wp:term":[{"taxonomy":"product_brand","embeddable":true,"href":"https:\/\/www.naturclic.com\/index.php?rest_route=%2Fwp%2Fv2%2Fproduct_brand&post=8329"},{"taxonomy":"product_cat","embeddable":true,"href":"https:\/\/www.naturclic.com\/index.php?rest_route=%2Fwp%2Fv2%2Fproduct_cat&post=8329"},{"taxonomy":"product_tag","embeddable":true,"href":"https:\/\/www.naturclic.com\/index.php?rest_route=%2Fwp%2Fv2%2Fproduct_tag&post=8329"}],"curies":[{"name":"wp","href":"https:\/\/api.w.org\/{rel}","templated":true}]}}