{"id":8330,"date":"2025-11-19T22:49:23","date_gmt":"2025-11-19T21:49:23","guid":{"rendered":"https:\/\/www.naturclic.com\/?product=magnesio-ata-acetil-taurinato-de-magnesio-30c-suravitasan"},"modified":"2025-11-19T22:49:24","modified_gmt":"2025-11-19T21:49:24","slug":"magnesio-ata-acetil-taurinato-de-magnesio-30c-suravitasan","status":"publish","type":"product","link":"https:\/\/www.naturclic.com\/?product=magnesio-ata-acetil-taurinato-de-magnesio-30c-suravitasan","title":{"rendered":"Magnesio ATA (acetil taurinato de magnesio) 30c SuraVitasan"},"content":{"rendered":"<p><strong>Magnesio ATA (Acetil Taurinato)<\/strong><span><span class=\"Apple-converted-space\">&nbsp;<\/span><\/span><span>es un complemento alimenticio a base de acetil taurinato de magnesio, se absorbe r\u00e1pidamente, atraviesa con \u00e9xito la barrera hematoencef\u00e1lica y tiene el nivel de concentraci\u00f3n tisular m\u00e1s alto en el cerebro en comparaci\u00f3n con cualquier otra forma de magnesio.&nbsp;<\/span><\/p>\n","protected":false},"excerpt":{"rendered":"<p>Magnesio ATA (Acetil Taurinato)&nbsp;es un complemento alimenticio a base de acetil taurinato de magnesio, se absorbe r\u00e1pidamente, atraviesa con \u00e9xito la barrera hematoencef\u00e1lica y tiene el nivel de concentraci\u00f3n tisular m\u00e1s alto en el cerebro en comparaci\u00f3n con cualquier otra forma de magnesio.&nbsp;<\/p>\n","protected":false},"featured_media":0,"comment_status":"open","ping_status":"closed","template":"","meta":{"_joinchat":[]},"product_brand":[],"product_cat":[15],"product_tag":[],"class_list":{"0":"post-8330","1":"product","2":"type-product","3":"status-publish","5":"product_cat-sin-categorizar","7":"first","8":"instock","9":"taxable","10":"shipping-taxable","11":"purchasable","12":"product-type-simple"},"_links":{"self":[{"href":"https:\/\/www.naturclic.com\/index.php?rest_route=\/wp\/v2\/product\/8330","targetHints":{"allow":["GET"]}}],"collection":[{"href":"https:\/\/www.naturclic.com\/index.php?rest_route=\/wp\/v2\/product"}],"about":[{"href":"https:\/\/www.naturclic.com\/index.php?rest_route=\/wp\/v2\/types\/product"}],"replies":[{"embeddable":true,"href":"https:\/\/www.naturclic.com\/index.php?rest_route=%2Fwp%2Fv2%2Fcomments&post=8330"}],"wp:attachment":[{"href":"https:\/\/www.naturclic.com\/index.php?rest_route=%2Fwp%2Fv2%2Fmedia&parent=8330"}],"wp:term":[{"taxonomy":"product_brand","embeddable":true,"href":"https:\/\/www.naturclic.com\/index.php?rest_route=%2Fwp%2Fv2%2Fproduct_brand&post=8330"},{"taxonomy":"product_cat","embeddable":true,"href":"https:\/\/www.naturclic.com\/index.php?rest_route=%2Fwp%2Fv2%2Fproduct_cat&post=8330"},{"taxonomy":"product_tag","embeddable":true,"href":"https:\/\/www.naturclic.com\/index.php?rest_route=%2Fwp%2Fv2%2Fproduct_tag&post=8330"}],"curies":[{"name":"wp","href":"https:\/\/api.w.org\/{rel}","templated":true}]}}